{"id":108,"date":"2018-03-30T10:50:07","date_gmt":"2018-03-30T10:50:07","guid":{"rendered":"http:\/\/bridge207.qodeinteractive.com\/?page_id=108"},"modified":"2025-11-12T15:02:20","modified_gmt":"2025-11-12T18:02:20","slug":"lacooperativa","status":"publish","type":"page","link":"https:\/\/cooplasegunda.com.ar\/sitio\/lacooperativa\/","title":{"rendered":"La Cooperativa"},"content":{"rendered":"<section class=\"wpb-content-wrapper\"><p>[vc_row css_animation=&#8221;&#8221; row_type=&#8221;row&#8221; use_row_as_full_screen_section=&#8221;no&#8221; type=&#8221;grid&#8221; angled_section=&#8221;no&#8221; text_align=&#8221;left&#8221; background_image_as_pattern=&#8221;without_pattern&#8221; z_index=&#8221;&#8221; css=&#8221;.vc_custom_1522410083870{padding-top: 123px !important;padding-bottom: 53px !important;}&#8221;][vc_column offset=&#8221;vc_col-lg-6 vc_col-md-12&#8243;][vc_column_text]<\/p>\n<h2>Somos una Cooperativa Agropecuaria de consumo y provisi\u00f3n<\/h2>\n<p>[\/vc_column_text][vc_empty_space height=&#8221;20px&#8221;][vc_column_text]Nos brindamos al productor, a la comunidad en general y a las instituciones de las localidades de <strong>La Dulce, J. N. Fern\u00e1ndez y San Cayetano.<\/strong><\/p>\n<p>Con representaci\u00f3n en las tres ciudades, contamos con un equipo de profesionales capacitado para resolver sus inquietudes.<\/p>\n<p>&nbsp;<\/p>\n<p>En el camino hacia el desarrollo sostenible de la comunidad, nos orientamos a la venta de cereales y oleaginosas, insumos para el agro, combustible, insumos ganaderos, art\u00edculos de ferreter\u00eda y corral\u00f3n, brindando adem\u00e1s servicio de asesoramiento t\u00e9cnico y seguros generales.<\/p>\n<p>Aspiramos convertirnos en un referente de la zona, fomentando <strong>el crecimiento constante de los socios<\/strong>, tanto en agronegocios como en otros servicios, sostenidos por los valores cooperativistas fundamentales. En esta l\u00ednea de acci\u00f3n, apuntamos a la pr\u00e1ctica y promoci\u00f3n en la consideraci\u00f3n del\u00a0medioambiente en <strong>una contribuci\u00f3n activa con la comunidad<\/strong>. En la b\u00fasqueda permanente de la excelencia, trabajamos bajo la Certificaci\u00f3n de Normas de calidad.[\/vc_column_text][\/vc_column][vc_column offset=&#8221;vc_col-lg-6 vc_col-md-12&#8243;][vc_single_image image=&#8221;232&#8243; img_size=&#8221;full&#8221; qode_css_animation=&#8221;&#8221;][vc_empty_space height=&#8221;50px&#8221;][\/vc_column][\/vc_row][vc_row css_animation=&#8221;&#8221; row_type=&#8221;row&#8221; use_row_as_full_screen_section=&#8221;no&#8221; type=&#8221;full_width&#8221; angled_section=&#8221;no&#8221; text_align=&#8221;left&#8221; background_image_as_pattern=&#8221;without_pattern&#8221;][vc_column][vc_row_inner row_type=&#8221;row&#8221; type=&#8221;full_width&#8221; text_align=&#8221;left&#8221; css_animation=&#8221;&#8221;][vc_column_inner][vc_gallery type=&#8221;image_grid&#8221; images=&#8221;247,248,249,251,252,253&#8243; img_size=&#8221;full&#8221; onclick=&#8221;&#8221; column_number=&#8221;6&#8243; grayscale=&#8221;yes&#8221; images_space=&#8221;gallery_without_space&#8221;][\/vc_column_inner][\/vc_row_inner][\/vc_column][\/vc_row]<\/p>\n<\/section>","protected":false},"excerpt":{"rendered":"<p>[vc_row css_animation=&#8221;&#8221; row_type=&#8221;row&#8221; use_row_as_full_screen_section=&#8221;no&#8221; type=&#8221;grid&#8221; angled_section=&#8221;no&#8221; text_align=&#8221;left&#8221; background_image_as_pattern=&#8221;without_pattern&#8221; z_index=&#8221;&#8221; css=&#8221;.vc_custom_1522410083870{padding-top: 123px !important;padding-bottom: 53px !important;}&#8221;][vc_column offset=&#8221;vc_col-lg-6 vc_col-md-12&#8243;][vc_column_text] Somos una Cooperativa Agropecuaria de consumo y provisi\u00f3n [\/vc_column_text][vc_empty_space height=&#8221;20px&#8221;][vc_column_text]Nos brindamos al productor, a la comunidad en general y a las instituciones de las localidades de La Dulce, J&#8230;.<\/p>\n","protected":false},"author":1,"featured_media":0,"parent":0,"menu_order":0,"comment_status":"closed","ping_status":"closed","template":"full_width.php","meta":{"footnotes":""},"class_list":["post-108","page","type-page","status-publish","hentry"],"yoast_head":"<!-- This site is optimized with the Yoast SEO plugin v26.3 - https:\/\/yoast.com\/wordpress\/plugins\/seo\/ -->\n<title>La Cooperativa - Cooperativa Agropecuaria La Segunda<\/title>\n<meta name=\"robots\" content=\"index, follow, max-snippet:-1, max-image-preview:large, max-video-preview:-1\" \/>\n<link rel=\"canonical\" href=\"https:\/\/cooplasegunda.com.ar\/sitio\/lacooperativa\/\" \/>\n<meta property=\"og:locale\" content=\"es_ES\" \/>\n<meta property=\"og:type\" content=\"article\" \/>\n<meta property=\"og:title\" content=\"La Cooperativa - Cooperativa Agropecuaria La Segunda\" \/>\n<meta property=\"og:description\" content=\"[vc_row css_animation=&#8221;&#8221; row_type=&#8221;row&#8221; use_row_as_full_screen_section=&#8221;no&#8221; type=&#8221;grid&#8221; angled_section=&#8221;no&#8221; text_align=&#8221;left&#8221; background_image_as_pattern=&#8221;without_pattern&#8221; z_index=&#8221;&#8221; css=&#8221;.vc_custom_1522410083870{padding-top: 123px !important;padding-bottom: 53px !important;}&#8221;][vc_column offset=&#8221;vc_col-lg-6 vc_col-md-12&#8243;][vc_column_text] Somos una Cooperativa Agropecuaria de consumo y provisi\u00f3n [\/vc_column_text][vc_empty_space height=&#8221;20px&#8221;][vc_column_text]Nos brindamos al productor, a la comunidad en general y a las instituciones de las localidades de La Dulce, J....\" \/>\n<meta property=\"og:url\" content=\"https:\/\/cooplasegunda.com.ar\/sitio\/lacooperativa\/\" \/>\n<meta property=\"og:site_name\" content=\"Cooperativa Agropecuaria La Segunda\" \/>\n<meta property=\"article:modified_time\" content=\"2025-11-12T18:02:20+00:00\" \/>\n<meta property=\"og:image\" content=\"https:\/\/cooplasegunda.com.ar\/sitio\/wp-content\/uploads\/2025\/11\/coop_la_segunda.jpg\" \/>\n\t<meta property=\"og:image:width\" content=\"1200\" \/>\n\t<meta property=\"og:image:height\" content=\"675\" \/>\n\t<meta property=\"og:image:type\" content=\"image\/jpeg\" \/>\n<meta name=\"twitter:card\" content=\"summary_large_image\" \/>\n<meta name=\"twitter:label1\" content=\"Tiempo de lectura\" \/>\n\t<meta name=\"twitter:data1\" content=\"3 minutos\" \/>\n<script type=\"application\/ld+json\" class=\"yoast-schema-graph\">{\"@context\":\"https:\/\/schema.org\",\"@graph\":[{\"@type\":\"WebPage\",\"@id\":\"https:\/\/cooplasegunda.com.ar\/sitio\/lacooperativa\/\",\"url\":\"https:\/\/cooplasegunda.com.ar\/sitio\/lacooperativa\/\",\"name\":\"La Cooperativa - Cooperativa Agropecuaria La Segunda\",\"isPartOf\":{\"@id\":\"https:\/\/cooplasegunda.com.ar\/sitio\/#website\"},\"datePublished\":\"2018-03-30T10:50:07+00:00\",\"dateModified\":\"2025-11-12T18:02:20+00:00\",\"breadcrumb\":{\"@id\":\"https:\/\/cooplasegunda.com.ar\/sitio\/lacooperativa\/#breadcrumb\"},\"inLanguage\":\"es-AR\",\"potentialAction\":[{\"@type\":\"ReadAction\",\"target\":[\"https:\/\/cooplasegunda.com.ar\/sitio\/lacooperativa\/\"]}]},{\"@type\":\"BreadcrumbList\",\"@id\":\"https:\/\/cooplasegunda.com.ar\/sitio\/lacooperativa\/#breadcrumb\",\"itemListElement\":[{\"@type\":\"ListItem\",\"position\":1,\"name\":\"Inicio\",\"item\":\"https:\/\/cooplasegunda.com.ar\/sitio\/\"},{\"@type\":\"ListItem\",\"position\":2,\"name\":\"La Cooperativa\"}]},{\"@type\":\"WebSite\",\"@id\":\"https:\/\/cooplasegunda.com.ar\/sitio\/#website\",\"url\":\"https:\/\/cooplasegunda.com.ar\/sitio\/\",\"name\":\"Cooperativa Agropecuaria La Segunda\",\"description\":\"Cooperativa Agropecuaria La Segunda, La Dulce, agroinsumos, acopio, semillas, ferreter\u00eda, seguros agr\u00edcolas, cooperativa, productores agropecuarios\",\"alternateName\":\"Cooperativa La Segunda\",\"potentialAction\":[{\"@type\":\"SearchAction\",\"target\":{\"@type\":\"EntryPoint\",\"urlTemplate\":\"https:\/\/cooplasegunda.com.ar\/sitio\/?s={search_term_string}\"},\"query-input\":{\"@type\":\"PropertyValueSpecification\",\"valueRequired\":true,\"valueName\":\"search_term_string\"}}],\"inLanguage\":\"es-AR\"}]}<\/script>\n<!-- \/ Yoast SEO plugin. -->","yoast_head_json":{"title":"La Cooperativa - Cooperativa Agropecuaria La Segunda","robots":{"index":"index","follow":"follow","max-snippet":"max-snippet:-1","max-image-preview":"max-image-preview:large","max-video-preview":"max-video-preview:-1"},"canonical":"https:\/\/cooplasegunda.com.ar\/sitio\/lacooperativa\/","og_locale":"es_ES","og_type":"article","og_title":"La Cooperativa - Cooperativa Agropecuaria La Segunda","og_description":"[vc_row css_animation=&#8221;&#8221; row_type=&#8221;row&#8221; use_row_as_full_screen_section=&#8221;no&#8221; type=&#8221;grid&#8221; angled_section=&#8221;no&#8221; text_align=&#8221;left&#8221; background_image_as_pattern=&#8221;without_pattern&#8221; z_index=&#8221;&#8221; css=&#8221;.vc_custom_1522410083870{padding-top: 123px !important;padding-bottom: 53px !important;}&#8221;][vc_column offset=&#8221;vc_col-lg-6 vc_col-md-12&#8243;][vc_column_text] Somos una Cooperativa Agropecuaria de consumo y provisi\u00f3n [\/vc_column_text][vc_empty_space height=&#8221;20px&#8221;][vc_column_text]Nos brindamos al productor, a la comunidad en general y a las instituciones de las localidades de La Dulce, J....","og_url":"https:\/\/cooplasegunda.com.ar\/sitio\/lacooperativa\/","og_site_name":"Cooperativa Agropecuaria La Segunda","article_modified_time":"2025-11-12T18:02:20+00:00","og_image":[{"width":1200,"height":675,"url":"https:\/\/cooplasegunda.com.ar\/sitio\/wp-content\/uploads\/2025\/11\/coop_la_segunda.jpg","type":"image\/jpeg"}],"twitter_card":"summary_large_image","twitter_misc":{"Tiempo de lectura":"3 minutos"},"schema":{"@context":"https:\/\/schema.org","@graph":[{"@type":"WebPage","@id":"https:\/\/cooplasegunda.com.ar\/sitio\/lacooperativa\/","url":"https:\/\/cooplasegunda.com.ar\/sitio\/lacooperativa\/","name":"La Cooperativa - Cooperativa Agropecuaria La Segunda","isPartOf":{"@id":"https:\/\/cooplasegunda.com.ar\/sitio\/#website"},"datePublished":"2018-03-30T10:50:07+00:00","dateModified":"2025-11-12T18:02:20+00:00","breadcrumb":{"@id":"https:\/\/cooplasegunda.com.ar\/sitio\/lacooperativa\/#breadcrumb"},"inLanguage":"es-AR","potentialAction":[{"@type":"ReadAction","target":["https:\/\/cooplasegunda.com.ar\/sitio\/lacooperativa\/"]}]},{"@type":"BreadcrumbList","@id":"https:\/\/cooplasegunda.com.ar\/sitio\/lacooperativa\/#breadcrumb","itemListElement":[{"@type":"ListItem","position":1,"name":"Inicio","item":"https:\/\/cooplasegunda.com.ar\/sitio\/"},{"@type":"ListItem","position":2,"name":"La Cooperativa"}]},{"@type":"WebSite","@id":"https:\/\/cooplasegunda.com.ar\/sitio\/#website","url":"https:\/\/cooplasegunda.com.ar\/sitio\/","name":"Cooperativa Agropecuaria La Segunda","description":"Cooperativa Agropecuaria La Segunda, La Dulce, agroinsumos, acopio, semillas, ferreter\u00eda, seguros agr\u00edcolas, cooperativa, productores agropecuarios","alternateName":"Cooperativa La Segunda","potentialAction":[{"@type":"SearchAction","target":{"@type":"EntryPoint","urlTemplate":"https:\/\/cooplasegunda.com.ar\/sitio\/?s={search_term_string}"},"query-input":{"@type":"PropertyValueSpecification","valueRequired":true,"valueName":"search_term_string"}}],"inLanguage":"es-AR"}]}},"_links":{"self":[{"href":"https:\/\/cooplasegunda.com.ar\/sitio\/wp-json\/wp\/v2\/pages\/108","targetHints":{"allow":["GET"]}}],"collection":[{"href":"https:\/\/cooplasegunda.com.ar\/sitio\/wp-json\/wp\/v2\/pages"}],"about":[{"href":"https:\/\/cooplasegunda.com.ar\/sitio\/wp-json\/wp\/v2\/types\/page"}],"author":[{"embeddable":true,"href":"https:\/\/cooplasegunda.com.ar\/sitio\/wp-json\/wp\/v2\/users\/1"}],"replies":[{"embeddable":true,"href":"https:\/\/cooplasegunda.com.ar\/sitio\/wp-json\/wp\/v2\/comments?post=108"}],"version-history":[{"count":31,"href":"https:\/\/cooplasegunda.com.ar\/sitio\/wp-json\/wp\/v2\/pages\/108\/revisions"}],"predecessor-version":[{"id":374,"href":"https:\/\/cooplasegunda.com.ar\/sitio\/wp-json\/wp\/v2\/pages\/108\/revisions\/374"}],"wp:attachment":[{"href":"https:\/\/cooplasegunda.com.ar\/sitio\/wp-json\/wp\/v2\/media?parent=108"}],"curies":[{"name":"wp","href":"https:\/\/api.w.org\/{rel}","templated":true}]}}