{"id":114,"date":"2018-03-30T11:04:11","date_gmt":"2018-03-30T11:04:11","guid":{"rendered":"http:\/\/bridge207.qodeinteractive.com\/?page_id=114"},"modified":"2025-11-13T09:58:47","modified_gmt":"2025-11-13T12:58:47","slug":"contacto","status":"publish","type":"page","link":"https:\/\/cooplasegunda.com.ar\/sitio\/contacto\/","title":{"rendered":"Contacto"},"content":{"rendered":"<section class=\"wpb-content-wrapper\"><p>[vc_row css_animation=&#8221;&#8221; row_type=&#8221;row&#8221; use_row_as_full_screen_section=&#8221;no&#8221; type=&#8221;full_width&#8221; angled_section=&#8221;no&#8221; text_align=&#8221;left&#8221; background_image_as_pattern=&#8221;without_pattern&#8221; z_index=&#8221;&#8221;][vc_column][vc_row_inner row_type=&#8221;row&#8221; type=&#8221;grid&#8221; text_align=&#8221;left&#8221; css_animation=&#8221;&#8221; css=&#8221;.vc_custom_1522409365477{padding-top: 96px !important;padding-bottom: 106px !important;}&#8221;][vc_column_inner offset=&#8221;vc_col-lg-6 vc_col-md-6&#8243;][qode_elements_holder number_of_columns=&#8221;one_column&#8221;][qode_elements_holder_item advanced_animations=&#8221;no&#8221; item_padding=&#8221;0 0 0 87px&#8221; item_padding_768_1024=&#8221;0 0px 0 0&#8243; item_padding_480=&#8221;0 0 0 0px&#8221;]\n<div class=\"wpcf7 no-js\" id=\"wpcf7-f5-o1\" lang=\"es-AR\" dir=\"ltr\" data-wpcf7-id=\"5\">\n<div class=\"screen-reader-response\"><p role=\"status\" aria-live=\"polite\" aria-atomic=\"true\"><\/p> <ul><\/ul><\/div>\n<form action=\"\/sitio\/wp-json\/wp\/v2\/pages\/114#wpcf7-f5-o1\" method=\"post\" class=\"wpcf7-form init cf7_custom_style_1\" aria-label=\"Formulario de contacto\" novalidate=\"novalidate\" data-status=\"init\">\n<fieldset class=\"hidden-fields-container\"><input type=\"hidden\" name=\"_wpcf7\" value=\"5\" \/><input type=\"hidden\" name=\"_wpcf7_version\" value=\"6.1.5\" \/><input type=\"hidden\" name=\"_wpcf7_locale\" value=\"es_AR\" \/><input type=\"hidden\" name=\"_wpcf7_unit_tag\" value=\"wpcf7-f5-o1\" \/><input type=\"hidden\" name=\"_wpcf7_container_post\" value=\"0\" \/><input type=\"hidden\" name=\"_wpcf7_posted_data_hash\" value=\"\" \/>\n<\/fieldset>\n<p><label> Tu nombre<br \/>\n<span class=\"wpcf7-form-control-wrap\" data-name=\"your-name\"><input size=\"40\" maxlength=\"400\" class=\"wpcf7-form-control wpcf7-text wpcf7-validates-as-required\" autocomplete=\"name\" aria-required=\"true\" aria-invalid=\"false\" value=\"\" type=\"text\" name=\"your-name\" \/><\/span> <\/label>\n<\/p>\n<p><label> Tu correo electr\u00f3nico<br \/>\n<span class=\"wpcf7-form-control-wrap\" data-name=\"your-email\"><input size=\"40\" maxlength=\"400\" class=\"wpcf7-form-control wpcf7-email wpcf7-validates-as-required wpcf7-text wpcf7-validates-as-email\" autocomplete=\"email\" aria-required=\"true\" aria-invalid=\"false\" value=\"\" type=\"email\" name=\"your-email\" \/><\/span> <\/label>\n<\/p>\n<p><label> Asunto<br \/>\n<span class=\"wpcf7-form-control-wrap\" data-name=\"your-subject\"><input size=\"40\" maxlength=\"400\" class=\"wpcf7-form-control wpcf7-text wpcf7-validates-as-required\" aria-required=\"true\" aria-invalid=\"false\" value=\"\" type=\"text\" name=\"your-subject\" \/><\/span> <\/label>\n<\/p>\n<p><label> Tu mensaje (opcional)<br \/>\n<span class=\"wpcf7-form-control-wrap\" data-name=\"your-message\"><textarea cols=\"40\" rows=\"10\" maxlength=\"2000\" class=\"wpcf7-form-control wpcf7-textarea\" aria-invalid=\"false\" name=\"your-message\"><\/textarea><\/span> <\/label>\n<\/p>\n<p><input class=\"wpcf7-form-control wpcf7-submit has-spinner\" type=\"submit\" value=\"Enviar\" \/>\n<\/p><div class=\"wpcf7-response-output\" aria-hidden=\"true\"><\/div>\n<\/form>\n<\/div>\n[\/qode_elements_holder_item][\/qode_elements_holder][\/vc_column_inner][vc_column_inner css=&#8221;.vc_custom_1522409645881{margin-top: 0px !important;padding-top: 0px !important;}&#8221; offset=&#8221;vc_col-lg-6 vc_col-md-6&#8243;][qode_elements_holder number_of_columns=&#8221;one_column&#8221;][qode_elements_holder_item advanced_animations=&#8221;no&#8221; item_padding=&#8221;0 111px 0 0&#8243; item_padding_1280_1440=&#8221;0 87px 0 0&#8243; item_padding_1024_1280=&#8221;0 71px 0 0&#8243; item_padding_768_1024=&#8221;0 0px 0 0&#8243; item_padding_600_768=&#8221;39px 0px 0 0&#8243; item_padding_480=&#8221;29px 0px 0 0&#8243;][vc_column_text]<\/p>\n<h2>Cooperativa Agropecuaria La Segunda<\/h2>\n<p>[\/vc_column_text][vc_empty_space height=&#8221;12px&#8221;][vc_column_text]Complete el formularios con sus datos y su consulta.[\/vc_column_text][vc_empty_space height=&#8221;27px&#8221;][vc_column_text]<strong>La Dulce<\/strong><\/p>\n<p>Direcci\u00f3n: Avenida 33 y 26<\/p>\n<p>Tel\u00e9fono: 2264- 432172 \/432125[\/vc_column_text][vc_empty_space height=&#8221;27px&#8221;][vc_column_text]<strong>Sede &#8211; J. N. Fernandez<\/strong><\/p>\n<p>Direcci\u00f3n: Calle 28 E\/ 37 Y 39[\/vc_column_text][vc_empty_space height=&#8221;27px&#8221;][vc_column_text]<strong>Sede &#8211; San Cayetano<\/strong>[\/vc_column_text][vc_empty_space height=&#8221;27px&#8221;][\/qode_elements_holder_item][\/qode_elements_holder][\/vc_column_inner][\/vc_row_inner][\/vc_column][\/vc_row][vc_row css_animation=&#8221;&#8221; row_type=&#8221;row&#8221; use_row_as_full_screen_section=&#8221;no&#8221; type=&#8221;full_width&#8221; angled_section=&#8221;no&#8221; text_align=&#8221;left&#8221; background_image_as_pattern=&#8221;without_pattern&#8221;][vc_column]<div class=\"call_to_action normal\" style=\"background-color: #2a6caa;\"><div class=\"container_inner\"><div class=\"two_columns_75_25 clearfix\"><div class=\"text_wrapper column1\"><div class=\"call_to_action_text \" style=\"\">Si te gustar\u00eda formar parte de nuestro equipo, complet\u00e1 el siguiente formulario y envi\u00e1 tu CV.<\/div><\/div><div class=\"button_wrapper column2\"><a itemprop=\"url\" href=\"https:\/\/cooplasegunda.com.ar\/sitio\/trabaja-con-nosotros\/\" class=\"qbutton white \" target=\"_blank\" style=\"\" >CARGA TU CV<\/a><\/div><\/div><\/div><\/div>[\/vc_column][\/vc_row][vc_row css_animation=&#8221;&#8221; row_type=&#8221;row&#8221; use_row_as_full_screen_section=&#8221;no&#8221; type=&#8221;full_width&#8221; angled_section=&#8221;no&#8221; text_align=&#8221;left&#8221; background_image_as_pattern=&#8221;without_pattern&#8221;][vc_column][vc_raw_html]JTNDJTIxLS0lMjBNYXBhJTIwZGUlMjBMYSUyMFNlZ3VuZGElMjBjZW50cmFkbyUyMGVuJTIwTGElMjBEdWxjZSUyMC0tJTNFJTBBJTNDbGluayUyMHJlbCUzRCUyMnN0eWxlc2hlZXQlMjIlMjBocmVmJTNEJTIyaHR0cHMlM0ElMkYlMkZ1bnBrZy5jb20lMkZsZWFmbGV0JTQwMS45LjQlMkZkaXN0JTJGbGVhZmxldC5jc3MlMjIlMjAlMkYlM0UlMEElM0NkaXYlMjBpZCUzRCUyMm1hcC1jb29wbGFzZWd1bmRhJTIyJTIwc3R5bGUlM0QlMjJ3aWR0aCUzQTEwMCUyNSUzQiUyMGhlaWdodCUzQTYwMHB4JTNCJTIwYm9yZGVyJTNBMXB4JTIwc29saWQlMjAlMjNkZGQlM0IlMjIlM0UlM0MlMkZkaXYlM0UlMEElM0NzY3JpcHQlMjBzcmMlM0QlMjJodHRwcyUzQSUyRiUyRnVucGtnLmNvbSUyRmxlYWZsZXQlNDAxLjkuNCUyRmRpc3QlMkZsZWFmbGV0LmpzJTIyJTNFJTNDJTJGc2NyaXB0JTNFJTBBJTNDc2NyaXB0JTNFJTBBY29uc3QlMjBjb29yZHMlMjAlM0QlMjAlNUIlMEElMjAlMjAlMjAlMjAlN0JsYXQlM0ElMjAtMzguMjgwMzY0JTJDJTIwJTIwJTIwJTIwJTIwJTIwbG9uJTNBJTIwLTU5LjIwNDQ1MSUyQyUyMCUyMCUyMCUyMCUyMCUyMHRpdGxlJTNBJTIwJTIyQXZlbmlkYSUyMDMzJTIweSUyMENhbGxlJTIwMjYlMjAlN0MlMjBMYSUyMER1bGNlJTIyJTdEJTJDJTBBJTIwJTIwJTIwJTIwJTdCbGF0JTNBJTIwLTM4LjAwNzQxNTI5Njc5ODYyJTJDJTIwbG9uJTNBJTIwLTU5LjI2NDQzOTg5NzIzNDIlMkMlMjB0aXRsZSUzQSUyMCUyMkNhbGxlJTIwMjglMjBlJTJGJTIwMzclMjB5JTIwMzklMjAlN0MlMjBKdWFuJTIwTi4lMjBGZXJuJUMzJUExbmRleiUyMiU3RCUyQyUwQSUyMCUyMCUyMCUyMCU3QmxhdCUzQSUyMC0zOC4zNDUzODYlMkMlMjAlMjAlMjAlMjAlMjAlMjBsb24lM0ElMjAtNTkuNjEzNzcwJTJDJTIwJTIwJTIwJTIwJTIwJTIwdGl0bGUlM0ElMjAlMjJSaXZhZGF2aWElMjB5JTIwUGVkcm8lMjBOLiUyMENhcnJlcmElMjAlN0MlMjBTYW4lMjBDYXlldGFubyUyMiU3RCUyQyUwQSUyMCUyMCUyMCUyMCU3QmxhdCUzQSUyMC0zOC4yNzMyNTMyNDA1MDU2MjUlMkMlMjBsb24lM0ElMjAtNTkuMTg0MDAxNzE3NzA2MTUlMkMlMjB0aXRsZSUzQSUyMCUyMlByZWRpbyUyMGRlJTIwbGElMjBDb29wLiUyMEFncm9wZWN1YXJpYSUyMExhJTIwU2VndW5kYSUyMiU3RCUyQyUwQSUyMCUyMCU3QmxhdCUzQSUyMC0zOC4yNzg4MjE0Mjg0MzIyNSUyQyUyMGxvbiUzQSUyMC01OS4yMDY1MzY1MDAwMDEwMyUyQyUyMHRpdGxlJTNBJTIwJTIyUGxhbnRhJTIwZGUlMjBBY29waW8lMjAlN0MlMjBMYSUyMER1bGNlJTIyJTdEJTBBJTIwJTIwJTVEJTNCJTBBJTBBJTIwJTIwJTJGJTJGJTIwQ3JlYXIlMjBtYXBhJTIwY2VudHJhZG8lMjBlbiUyMExhJTIwRHVsY2UlMjBjb24lMjB6b29tJTIwMTMlMEElMjAlMjBjb25zdCUyMG1hcCUyMCUzRCUyMEwubWFwJTI4JTI3bWFwLWNvb3BsYXNlZ3VuZGElMjclMkMlMjAlN0JzY3JvbGxXaGVlbFpvb20lM0FmYWxzZSU3RCUyOSUwQSUyMCUyMCUyMCUyMC5zZXRWaWV3JTI4JTVCLTM4LjI4MzMwMCUyQyUyMC01OS4yMDAwMDAlNUQlMkMlMjAxMCUyOSUzQiUwQSUwQSUyMCUyMCUyRiUyRiUyMENhcGElMjBiYXNlJTIwZGUlMjBPcGVuU3RyZWV0TWFwJTBBJTIwJTIwTC50aWxlTGF5ZXIlMjglMjdodHRwcyUzQSUyRiUyRiU3QnMlN0QudGlsZS5vcGVuc3RyZWV0bWFwLm9yZyUyRiU3QnolN0QlMkYlN0J4JTdEJTJGJTdCeSU3RC5wbmclMjclMkMlMjAlN0IlMEElMjAlMjAlMjAlMjBtYXhab29tJTNBJTIwMTklMkMlMEElMjAlMjAlMjAlMjBhdHRyaWJ1dGlvbiUzQSUyMCUyNyUyNmNvcHklM0IlMjBPcGVuU3RyZWV0TWFwJTIwY29udHJpYnV0b3JzJTI3JTBBJTIwJTIwJTdEJTI5LmFkZFRvJTI4bWFwJTI5JTNCJTBBJTBBJTIwJTIwJTJGJTJGJTIwQWdyZWdhciUyMGxvcyUyMG1hcmNhZG9yZXMlMjBjb24lMjBwb3B1cHMlMEElMjAlMjBjb29yZHMuZm9yRWFjaCUyOGMlMjAlM0QlM0UlMjAlN0IlMEElMjAlMjAlMjAlMjBMLm1hcmtlciUyOCU1QmMubGF0JTJDJTIwYy5sb24lNUQlMjkuYWRkVG8lMjhtYXAlMjklMEElMjAlMjAlMjAlMjAlMjAlMjAuYmluZFBvcHVwJTI4JTYwJTNDc3Ryb25nJTNFJTI0JTdCYy50aXRsZSU3RCUzQyUyRnN0cm9uZyUzRSU2MCUyOSUzQiUwQSUyMCUyMCU3RCUyOSUzQiUwQSUzQyUyRnNjcmlwdCUzRSUwQQ==[\/vc_raw_html][\/vc_column][\/vc_row]<\/p>\n<\/section>","protected":false},"excerpt":{"rendered":"<p>[vc_row css_animation=&#8221;&#8221; row_type=&#8221;row&#8221; use_row_as_full_screen_section=&#8221;no&#8221; type=&#8221;full_width&#8221; angled_section=&#8221;no&#8221; text_align=&#8221;left&#8221; background_image_as_pattern=&#8221;without_pattern&#8221; z_index=&#8221;&#8221;][vc_column][vc_row_inner row_type=&#8221;row&#8221; type=&#8221;grid&#8221; text_align=&#8221;left&#8221; css_animation=&#8221;&#8221; css=&#8221;.vc_custom_1522409365477{padding-top: 96px !important;padding-bottom: 106px !important;}&#8221;][vc_column_inner offset=&#8221;vc_col-lg-6 vc_col-md-6&#8243;][qode_elements_holder number_of_columns=&#8221;one_column&#8221;][qode_elements_holder_item advanced_animations=&#8221;no&#8221; item_padding=&#8221;0 0 0 87px&#8221; item_padding_768_1024=&#8221;0 0px 0 0&#8243; item_padding_480=&#8221;0 0 0 0px&#8221;][\/qode_elements_holder_item][\/qode_elements_holder][\/vc_column_inner][vc_column_inner css=&#8221;.vc_custom_1522409645881{margin-top: 0px !important;padding-top: 0px !important;}&#8221; offset=&#8221;vc_col-lg-6 vc_col-md-6&#8243;][qode_elements_holder number_of_columns=&#8221;one_column&#8221;][qode_elements_holder_item advanced_animations=&#8221;no&#8221; item_padding=&#8221;0 111px&#8230;<\/p>\n","protected":false},"author":1,"featured_media":0,"parent":0,"menu_order":0,"comment_status":"closed","ping_status":"closed","template":"full_width.php","meta":{"footnotes":""},"class_list":["post-114","page","type-page","status-publish","hentry"],"yoast_head":"<!-- This site is optimized with the Yoast SEO plugin v26.3 - https:\/\/yoast.com\/wordpress\/plugins\/seo\/ -->\n<title>Contacto - Cooperativa Agropecuaria La Segunda<\/title>\n<meta name=\"robots\" content=\"index, follow, max-snippet:-1, max-image-preview:large, max-video-preview:-1\" \/>\n<link rel=\"canonical\" href=\"https:\/\/cooplasegunda.com.ar\/sitio\/contacto\/\" \/>\n<meta property=\"og:locale\" content=\"es_ES\" \/>\n<meta property=\"og:type\" content=\"article\" \/>\n<meta property=\"og:title\" content=\"Contacto - Cooperativa Agropecuaria La Segunda\" \/>\n<meta property=\"og:description\" content=\"[vc_row css_animation=&#8221;&#8221; row_type=&#8221;row&#8221; use_row_as_full_screen_section=&#8221;no&#8221; type=&#8221;full_width&#8221; angled_section=&#8221;no&#8221; text_align=&#8221;left&#8221; background_image_as_pattern=&#8221;without_pattern&#8221; z_index=&#8221;&#8221;][vc_column][vc_row_inner row_type=&#8221;row&#8221; type=&#8221;grid&#8221; text_align=&#8221;left&#8221; css_animation=&#8221;&#8221; css=&#8221;.vc_custom_1522409365477{padding-top: 96px !important;padding-bottom: 106px !important;}&#8221;][vc_column_inner offset=&#8221;vc_col-lg-6 vc_col-md-6&#8243;][qode_elements_holder number_of_columns=&#8221;one_column&#8221;][qode_elements_holder_item advanced_animations=&#8221;no&#8221; item_padding=&#8221;0 0 0 87px&#8221; item_padding_768_1024=&#8221;0 0px 0 0&#8243; item_padding_480=&#8221;0 0 0 0px&#8221;][\/qode_elements_holder_item][\/qode_elements_holder][\/vc_column_inner][vc_column_inner css=&#8221;.vc_custom_1522409645881{margin-top: 0px !important;padding-top: 0px !important;}&#8221; offset=&#8221;vc_col-lg-6 vc_col-md-6&#8243;][qode_elements_holder number_of_columns=&#8221;one_column&#8221;][qode_elements_holder_item advanced_animations=&#8221;no&#8221; item_padding=&#8221;0 111px...\" \/>\n<meta property=\"og:url\" content=\"https:\/\/cooplasegunda.com.ar\/sitio\/contacto\/\" \/>\n<meta property=\"og:site_name\" content=\"Cooperativa Agropecuaria La Segunda\" \/>\n<meta property=\"article:modified_time\" content=\"2025-11-13T12:58:47+00:00\" \/>\n<meta property=\"og:image\" content=\"https:\/\/cooplasegunda.com.ar\/sitio\/wp-content\/uploads\/2025\/11\/coop_la_segunda.jpg\" \/>\n\t<meta property=\"og:image:width\" content=\"1200\" \/>\n\t<meta property=\"og:image:height\" content=\"675\" \/>\n\t<meta property=\"og:image:type\" content=\"image\/jpeg\" \/>\n<meta name=\"twitter:card\" content=\"summary_large_image\" \/>\n<meta name=\"twitter:label1\" content=\"Tiempo de lectura\" \/>\n\t<meta name=\"twitter:data1\" content=\"1 minuto\" \/>\n<script type=\"application\/ld+json\" class=\"yoast-schema-graph\">{\"@context\":\"https:\/\/schema.org\",\"@graph\":[{\"@type\":\"WebPage\",\"@id\":\"https:\/\/cooplasegunda.com.ar\/sitio\/contacto\/\",\"url\":\"https:\/\/cooplasegunda.com.ar\/sitio\/contacto\/\",\"name\":\"Contacto - Cooperativa Agropecuaria La Segunda\",\"isPartOf\":{\"@id\":\"https:\/\/cooplasegunda.com.ar\/sitio\/#website\"},\"datePublished\":\"2018-03-30T11:04:11+00:00\",\"dateModified\":\"2025-11-13T12:58:47+00:00\",\"breadcrumb\":{\"@id\":\"https:\/\/cooplasegunda.com.ar\/sitio\/contacto\/#breadcrumb\"},\"inLanguage\":\"es-AR\",\"potentialAction\":[{\"@type\":\"ReadAction\",\"target\":[\"https:\/\/cooplasegunda.com.ar\/sitio\/contacto\/\"]}]},{\"@type\":\"BreadcrumbList\",\"@id\":\"https:\/\/cooplasegunda.com.ar\/sitio\/contacto\/#breadcrumb\",\"itemListElement\":[{\"@type\":\"ListItem\",\"position\":1,\"name\":\"Inicio\",\"item\":\"https:\/\/cooplasegunda.com.ar\/sitio\/\"},{\"@type\":\"ListItem\",\"position\":2,\"name\":\"Contacto\"}]},{\"@type\":\"WebSite\",\"@id\":\"https:\/\/cooplasegunda.com.ar\/sitio\/#website\",\"url\":\"https:\/\/cooplasegunda.com.ar\/sitio\/\",\"name\":\"Cooperativa Agropecuaria La Segunda\",\"description\":\"Cooperativa Agropecuaria La Segunda, La Dulce, agroinsumos, acopio, semillas, ferreter\u00eda, seguros agr\u00edcolas, cooperativa, productores agropecuarios\",\"alternateName\":\"Cooperativa La Segunda\",\"potentialAction\":[{\"@type\":\"SearchAction\",\"target\":{\"@type\":\"EntryPoint\",\"urlTemplate\":\"https:\/\/cooplasegunda.com.ar\/sitio\/?s={search_term_string}\"},\"query-input\":{\"@type\":\"PropertyValueSpecification\",\"valueRequired\":true,\"valueName\":\"search_term_string\"}}],\"inLanguage\":\"es-AR\"}]}<\/script>\n<!-- \/ Yoast SEO plugin. -->","yoast_head_json":{"title":"Contacto - Cooperativa Agropecuaria La Segunda","robots":{"index":"index","follow":"follow","max-snippet":"max-snippet:-1","max-image-preview":"max-image-preview:large","max-video-preview":"max-video-preview:-1"},"canonical":"https:\/\/cooplasegunda.com.ar\/sitio\/contacto\/","og_locale":"es_ES","og_type":"article","og_title":"Contacto - Cooperativa Agropecuaria La Segunda","og_description":"[vc_row css_animation=&#8221;&#8221; row_type=&#8221;row&#8221; use_row_as_full_screen_section=&#8221;no&#8221; type=&#8221;full_width&#8221; angled_section=&#8221;no&#8221; text_align=&#8221;left&#8221; background_image_as_pattern=&#8221;without_pattern&#8221; z_index=&#8221;&#8221;][vc_column][vc_row_inner row_type=&#8221;row&#8221; type=&#8221;grid&#8221; text_align=&#8221;left&#8221; css_animation=&#8221;&#8221; css=&#8221;.vc_custom_1522409365477{padding-top: 96px !important;padding-bottom: 106px !important;}&#8221;][vc_column_inner offset=&#8221;vc_col-lg-6 vc_col-md-6&#8243;][qode_elements_holder number_of_columns=&#8221;one_column&#8221;][qode_elements_holder_item advanced_animations=&#8221;no&#8221; item_padding=&#8221;0 0 0 87px&#8221; item_padding_768_1024=&#8221;0 0px 0 0&#8243; item_padding_480=&#8221;0 0 0 0px&#8221;][\/qode_elements_holder_item][\/qode_elements_holder][\/vc_column_inner][vc_column_inner css=&#8221;.vc_custom_1522409645881{margin-top: 0px !important;padding-top: 0px !important;}&#8221; offset=&#8221;vc_col-lg-6 vc_col-md-6&#8243;][qode_elements_holder number_of_columns=&#8221;one_column&#8221;][qode_elements_holder_item advanced_animations=&#8221;no&#8221; item_padding=&#8221;0 111px...","og_url":"https:\/\/cooplasegunda.com.ar\/sitio\/contacto\/","og_site_name":"Cooperativa Agropecuaria La Segunda","article_modified_time":"2025-11-13T12:58:47+00:00","og_image":[{"width":1200,"height":675,"url":"https:\/\/cooplasegunda.com.ar\/sitio\/wp-content\/uploads\/2025\/11\/coop_la_segunda.jpg","type":"image\/jpeg"}],"twitter_card":"summary_large_image","twitter_misc":{"Tiempo de lectura":"1 minuto"},"schema":{"@context":"https:\/\/schema.org","@graph":[{"@type":"WebPage","@id":"https:\/\/cooplasegunda.com.ar\/sitio\/contacto\/","url":"https:\/\/cooplasegunda.com.ar\/sitio\/contacto\/","name":"Contacto - Cooperativa Agropecuaria La Segunda","isPartOf":{"@id":"https:\/\/cooplasegunda.com.ar\/sitio\/#website"},"datePublished":"2018-03-30T11:04:11+00:00","dateModified":"2025-11-13T12:58:47+00:00","breadcrumb":{"@id":"https:\/\/cooplasegunda.com.ar\/sitio\/contacto\/#breadcrumb"},"inLanguage":"es-AR","potentialAction":[{"@type":"ReadAction","target":["https:\/\/cooplasegunda.com.ar\/sitio\/contacto\/"]}]},{"@type":"BreadcrumbList","@id":"https:\/\/cooplasegunda.com.ar\/sitio\/contacto\/#breadcrumb","itemListElement":[{"@type":"ListItem","position":1,"name":"Inicio","item":"https:\/\/cooplasegunda.com.ar\/sitio\/"},{"@type":"ListItem","position":2,"name":"Contacto"}]},{"@type":"WebSite","@id":"https:\/\/cooplasegunda.com.ar\/sitio\/#website","url":"https:\/\/cooplasegunda.com.ar\/sitio\/","name":"Cooperativa Agropecuaria La Segunda","description":"Cooperativa Agropecuaria La Segunda, La Dulce, agroinsumos, acopio, semillas, ferreter\u00eda, seguros agr\u00edcolas, cooperativa, productores agropecuarios","alternateName":"Cooperativa La Segunda","potentialAction":[{"@type":"SearchAction","target":{"@type":"EntryPoint","urlTemplate":"https:\/\/cooplasegunda.com.ar\/sitio\/?s={search_term_string}"},"query-input":{"@type":"PropertyValueSpecification","valueRequired":true,"valueName":"search_term_string"}}],"inLanguage":"es-AR"}]}},"_links":{"self":[{"href":"https:\/\/cooplasegunda.com.ar\/sitio\/wp-json\/wp\/v2\/pages\/114","targetHints":{"allow":["GET"]}}],"collection":[{"href":"https:\/\/cooplasegunda.com.ar\/sitio\/wp-json\/wp\/v2\/pages"}],"about":[{"href":"https:\/\/cooplasegunda.com.ar\/sitio\/wp-json\/wp\/v2\/types\/page"}],"author":[{"embeddable":true,"href":"https:\/\/cooplasegunda.com.ar\/sitio\/wp-json\/wp\/v2\/users\/1"}],"replies":[{"embeddable":true,"href":"https:\/\/cooplasegunda.com.ar\/sitio\/wp-json\/wp\/v2\/comments?post=114"}],"version-history":[{"count":29,"href":"https:\/\/cooplasegunda.com.ar\/sitio\/wp-json\/wp\/v2\/pages\/114\/revisions"}],"predecessor-version":[{"id":395,"href":"https:\/\/cooplasegunda.com.ar\/sitio\/wp-json\/wp\/v2\/pages\/114\/revisions\/395"}],"wp:attachment":[{"href":"https:\/\/cooplasegunda.com.ar\/sitio\/wp-json\/wp\/v2\/media?parent=114"}],"curies":[{"name":"wp","href":"https:\/\/api.w.org\/{rel}","templated":true}]}}