{"id":167,"date":"2018-03-29T09:36:10","date_gmt":"2018-03-29T09:36:10","guid":{"rendered":"http:\/\/bridge207.qodeinteractive.com\/?page_id=6"},"modified":"2025-11-12T13:00:45","modified_gmt":"2025-11-12T16:00:45","slug":"home","status":"publish","type":"page","link":"https:\/\/cooplasegunda.com.ar\/sitio\/","title":{"rendered":"Home"},"content":{"rendered":"<section class=\"wpb-content-wrapper\"><p>[vc_row css_animation=&#8221;&#8221; row_type=&#8221;row&#8221; use_row_as_full_screen_section=&#8221;no&#8221; type=&#8221;full_width&#8221; angled_section=&#8221;no&#8221; text_align=&#8221;left&#8221; background_image_as_pattern=&#8221;without_pattern&#8221;][vc_column][rev_slider_vc alias=&#8221;home&#8221;][\/vc_column][\/vc_row][vc_row css_animation=&#8221;&#8221; row_type=&#8221;row&#8221; use_row_as_full_screen_section=&#8221;no&#8221; type=&#8221;grid&#8221; angled_section=&#8221;no&#8221; text_align=&#8221;left&#8221; background_image_as_pattern=&#8221;without_pattern&#8221; z_index=&#8221;&#8221; css=&#8221;.vc_custom_1522410083870{padding-top: 123px !important;padding-bottom: 53px !important;}&#8221;][vc_column offset=&#8221;vc_col-lg-6 vc_col-md-12&#8243;]<div class=\"qode_video_box disabled_hover_zoom\">\n\t<a itemprop=\"image\" class=\"qode_video_image\" href=\"https:\/\/cooplasegunda.com.ar\/sitio\/wp-content\/uploads\/2025\/10\/video-web.mp4\" data-rel=\"prettyPhoto\">\n\t\t\t\n\t\t\t<img decoding=\"async\" src=\"https:\/\/cooplasegunda.com.ar\/sitio\/wp-content\/uploads\/2025\/10\/imagen_video.jpg\" \/>\n\t\t\t<span class=\"qode_video_box_button_holder\">\n\t\t\t\t<span class=\"qode_video_box_button\">\n\t\t\t\t\t<span class=\"qode_video_box_button_arrow\">\n\t\t\t\t\t<\/span>\n\t\t\t\t<\/span>\n\t\t\t<\/span>\n\t\t\t<\/a>\n<\/div>[vc_empty_space height=&#8221;50px&#8221;][\/vc_column][vc_column offset=&#8221;vc_col-lg-6 vc_col-md-12&#8243;][qode_elements_holder number_of_columns=&#8221;one_column&#8221;][qode_elements_holder_item advanced_animations=&#8221;no&#8221; item_padding=&#8221;0 50px 0 0&#8243;][vc_empty_space height=&#8221;40px&#8221;][vc_column_text]<\/p>\n<h2>Un camino<\/h2>\n<h2>compartido.<\/h2>\n<p>[\/vc_column_text][vc_empty_space height=&#8221;20px&#8221;][vc_column_text]\u201cCrecemos con vos\u201d habla de un camino compartido. Desde 1948, la Cooperativa Agropecuaria La Segunda es parte de la vida de productores y vecinos de La Dulce. Nuestra historia est\u00e1 hecha de trabajo compartido, de cercan\u00eda y de confianza mutua.[\/vc_column_text][\/qode_elements_holder_item][\/qode_elements_holder][vc_empty_space height=&#8221;50px&#8221;][\/vc_column][\/vc_row][vc_row css_animation=&#8221;&#8221; row_type=&#8221;row&#8221; use_row_as_full_screen_section=&#8221;no&#8221; type=&#8221;full_width&#8221; angled_section=&#8221;no&#8221; text_align=&#8221;center&#8221; background_image_as_pattern=&#8221;without_pattern&#8221; css=&#8221;.vc_custom_1522328454186{padding-top: 110px !important;background-color: #f9fbf7 !important;}&#8221; z_index=&#8221;&#8221;][vc_column][qode_elements_holder number_of_columns=&#8221;one_column&#8221;][qode_elements_holder_item advanced_animations=&#8221;no&#8221; item_padding=&#8221;0 27%&#8221; item_padding_600_768=&#8221;0 9%&#8221; item_padding_480=&#8221;0 0 0 0&#8243;][vc_column_text]<\/p>\n<h1>Cooperativa Agropecuaria<\/h1>\n<p>[\/vc_column_text][vc_empty_space height=&#8221;18px&#8221;][vc_column_text]<\/p>\n<h3>Con representaci\u00f3n en 3 localidades, contamos con un equipo de profesionales capacitado para resolver sus inquietudes. Somos una Cooperativa Agropecuaria, de consumo y provisi\u00f3n. Nos brindamos al productor, a la comunidad en general e instituciones de las localidades de La Dulce, J. N. Fern\u00e1ndez y San Cayetano.<\/h3>\n<p>[\/vc_column_text][\/qode_elements_holder_item][\/qode_elements_holder][vc_row_inner row_type=&#8221;row&#8221; type=&#8221;grid&#8221; text_align=&#8221;left&#8221; css_animation=&#8221;&#8221; css=&#8221;.vc_custom_1522330694680{padding-top: 92px !important;padding-bottom: 100px !important;}&#8221;][vc_column_inner offset=&#8221;vc_col-lg-4 vc_col-md-4&#8243;][vc_single_image image=&#8221;192&#8243; img_size=&#8221;full&#8221; alignment=&#8221;center&#8221; onclick=&#8221;custom_link&#8221; img_link_target=&#8221;_blank&#8221; qode_css_animation=&#8221;&#8221; link=&#8221;https:\/\/cooplasegunda.com.ar\/sitio\/clima\/&#8221;][qode_elements_holder background_color=&#8221;#ffffff&#8221; number_of_columns=&#8221;one_column&#8221;][qode_elements_holder_item advanced_animations=&#8221;no&#8221; item_padding=&#8221;31px 35px 37px 34px&#8221;][vc_column_text]<\/p>\n<h2 style=\"text-align: center;\">Ver Clima<\/h2>\n<p>[\/vc_column_text][vc_empty_space height=&#8221;30px&#8221;][\/qode_elements_holder_item][\/qode_elements_holder][vc_empty_space height=&#8221;45px&#8221;][\/vc_column_inner][vc_column_inner offset=&#8221;vc_col-lg-4 vc_col-md-4&#8243;][vc_single_image image=&#8221;193&#8243; img_size=&#8221;full&#8221; alignment=&#8221;center&#8221; qode_css_animation=&#8221;&#8221;][qode_elements_holder background_color=&#8221;#ffffff&#8221; number_of_columns=&#8221;one_column&#8221;][qode_elements_holder_item advanced_animations=&#8221;no&#8221; item_padding=&#8221;31px 35px 37px 34px&#8221;][vc_column_text]<\/p>\n<h2 style=\"text-align: center;\">Granos<\/h2>\n<p>[\/vc_column_text][vc_empty_space height=&#8221;30px&#8221;][\/qode_elements_holder_item][\/qode_elements_holder][vc_empty_space height=&#8221;45px&#8221;][\/vc_column_inner][vc_column_inner offset=&#8221;vc_col-lg-4 vc_col-md-4&#8243;][vc_single_image image=&#8221;195&#8243; img_size=&#8221;full&#8221; alignment=&#8221;center&#8221; onclick=&#8221;custom_link&#8221; img_link_target=&#8221;_blank&#8221; qode_css_animation=&#8221;&#8221; link=&#8221;http:\/\/cooperativalasegunda.dyndns.org\/&#8221;][qode_elements_holder background_color=&#8221;#ffffff&#8221; number_of_columns=&#8221;one_column&#8221;][qode_elements_holder_item advanced_animations=&#8221;no&#8221; item_padding=&#8221;31px 35px 37px 34px&#8221;][vc_column_text]<\/p>\n<h2 style=\"text-align: center;\">Acceso Socios<\/h2>\n<p>[\/vc_column_text][vc_empty_space height=&#8221;30px&#8221;][\/qode_elements_holder_item][\/qode_elements_holder][vc_empty_space height=&#8221;45px&#8221;][\/vc_column_inner][\/vc_row_inner][\/vc_column][\/vc_row][vc_row css_animation=&#8221;&#8221; row_type=&#8221;row&#8221; use_row_as_full_screen_section=&#8221;no&#8221; type=&#8221;full_width&#8221; angled_section=&#8221;no&#8221; text_align=&#8221;center&#8221; background_image_as_pattern=&#8221;without_pattern&#8221; z_index=&#8221;&#8221; css=&#8221;.vc_custom_1522333289721{padding-top: 120px !important;}&#8221;][vc_column][qode_elements_holder number_of_columns=&#8221;one_column&#8221;][qode_elements_holder_item advanced_animations=&#8221;no&#8221; item_padding=&#8221;0 27%&#8221; item_padding_600_768=&#8221;0 9%&#8221; item_padding_480=&#8221;0 0 0 0&#8243;][vc_column_text]<\/p>\n<h1>Unidos Crecemos<\/h1>\n<p>[\/vc_column_text][vc_empty_space height=&#8221;18px&#8221;][vc_column_text]<\/p>\n<h3>Desde 1948 acompa\u00f1amos al campo con la comercializaci\u00f3n de cereales y oleaginosas, m\u00e1s todo lo necesario para impulsar cada cosecha. En La Segunda trabajamos con confianza y cercan\u00eda, guiados por valores cooperativos. Nuestro compromiso es simple: seguir creciendo junto a quienes d\u00eda a d\u00eda nos eligen.<\/h3>\n<p>[\/vc_column_text][\/qode_elements_holder_item][\/qode_elements_holder][vc_row_inner row_type=&#8221;row&#8221; type=&#8221;grid&#8221; text_align=&#8221;center&#8221; css_animation=&#8221;&#8221; css=&#8221;.vc_custom_1522333625225{padding-top: 110px !important;padding-bottom: 100px !important;}&#8221;][vc_column_inner width=&#8221;1\/3&#8243;][vc_single_image image=&#8221;208&#8243; img_size=&#8221;full&#8221; alignment=&#8221;center&#8221; qode_css_animation=&#8221;&#8221;][vc_empty_space height=&#8221;30px&#8221;][vc_column_text]<\/p>\n<h2>Servicios<\/h2>\n<p>[\/vc_column_text][vc_empty_space height=&#8221;12px&#8221;][vc_column_text]Sumamos asesoramiento t\u00e9cnico especializado y seguros generales para que tu producci\u00f3n crezca con tranquilidad y confianza.[\/vc_column_text][vc_empty_space height=&#8221;50px&#8221;][\/vc_column_inner][vc_column_inner width=&#8221;1\/3&#8243;][vc_single_image image=&#8221;209&#8243; img_size=&#8221;full&#8221; alignment=&#8221;center&#8221; qode_css_animation=&#8221;&#8221;][vc_empty_space height=&#8221;30px&#8221;][vc_column_text]<\/p>\n<h2>Insumos<\/h2>\n<p>[\/vc_column_text][vc_empty_space height=&#8221;12px&#8221;][vc_column_text]Brindamos soluciones integrales: agroinsumos, combustibles, art\u00edculos de ferreter\u00eda, corral\u00f3n e insumos ganaderos, siempre con calidad y respaldo.[\/vc_column_text][vc_empty_space height=&#8221;50px&#8221;][\/vc_column_inner][vc_column_inner width=&#8221;1\/3&#8243;][vc_single_image image=&#8221;43&#8243; img_size=&#8221;full&#8221; alignment=&#8221;center&#8221; qode_css_animation=&#8221;&#8221;][vc_empty_space height=&#8221;30px&#8221;][vc_column_text]<\/p>\n<h2>Producci\u00f3n<\/h2>\n<p>[\/vc_column_text][vc_empty_space height=&#8221;12px&#8221;][vc_column_text]Desde 1948 acompa\u00f1amos al campo con la comercializaci\u00f3n de cereales y oleaginosas, m\u00e1s todo lo necesario para impulsar cada cosecha.[\/vc_column_text][vc_empty_space height=&#8221;50px&#8221;][\/vc_column_inner][\/vc_row_inner][\/vc_column][\/vc_row][vc_row css_animation=&#8221;&#8221; row_type=&#8221;row&#8221; use_row_as_full_screen_section=&#8221;no&#8221; type=&#8221;grid&#8221; angled_section=&#8221;no&#8221; text_align=&#8221;left&#8221; background_image_as_pattern=&#8221;without_pattern&#8221; css=&#8221;.vc_custom_1761830393125{padding-top: 200px !important;padding-bottom: 200px !important;background-image: url(https:\/\/cooplasegunda.com.ar\/sitio\/wp-content\/uploads\/2025\/10\/home-row-background-1.jpg?id=212) !important;}&#8221; z_index=&#8221;&#8221;][vc_column width=&#8221;1\/3&#8243;]<div class=\"q_counter_holder  center\" style=\"\" data-digit=\"3\"><span class=\"counter  zero\" style=\"color: #ffffff;font-size: 50px;font-weight: 600;\">3<\/span><p class=\"counter_text\" style=\"font-size: 20px;font-weight: 600;text-transform: uppercase;color: #ffffff;\">LOCALIDADES<\/p><\/div>[\/vc_column][vc_column width=&#8221;1\/3&#8243;]<div class=\"q_counter_holder  center\" style=\"\" data-digit=\"77\"><span class=\"counter  zero\" style=\"color: #ffffff;font-size: 50px;font-weight: 600;\">77<\/span><p class=\"counter_text\" style=\"font-size: 20px;font-weight: 600;text-transform: uppercase;color: #ffffff;\">A\u00d1OS<\/p><\/div>[\/vc_column][vc_column width=&#8221;1\/3&#8243;]<div class=\"q_counter_holder  center\" style=\"\" data-digit=\"5\"><span class=\"counter  zero\" style=\"color: #ffffff;font-size: 50px;font-weight: 600;\">5<\/span><p class=\"counter_text\" style=\"font-size: 20px;font-weight: 600;text-transform: uppercase;color: #ffffff;\">\u00c1REAS DE NEGOCIO<\/p><\/div>[\/vc_column][\/vc_row][vc_row css_animation=&#8221;&#8221; row_type=&#8221;row&#8221; use_row_as_full_screen_section=&#8221;no&#8221; type=&#8221;grid&#8221; angled_section=&#8221;no&#8221; text_align=&#8221;center&#8221; background_image_as_pattern=&#8221;without_pattern&#8221; z_index=&#8221;&#8221; css=&#8221;.vc_custom_1522336432451{padding-top: 110px !important;}&#8221;][vc_column][vc_column_text]<\/p>\n<h2>Accesos directos<\/h2>\n<p>[\/vc_column_text][vc_empty_space height=&#8221;105px&#8221;][qode_clients columns=&#8221;five_columns&#8221; hover_effect=&#8221;default&#8221; disable_separators=&#8221;&#8221;][qode_client link_target=&#8221;_blank&#8221; image=&#8221;201&#8243; link=&#8221;http:\/\/www.acabase.com.ar\/&#8221;][qode_client link_target=&#8221;_blank&#8221; image=&#8221;205&#8243; link=&#8221;https:\/\/www.arba.gov.ar\/defaultArba.asp&#8221;][qode_client link_target=&#8221;_blank&#8221; image=&#8221;273&#8243; link=&#8221;https:\/\/www.mercadoagroganadero.com.ar\/dll\/inicio.dll&#8221;][qode_client link_target=&#8221;_blank&#8221; image=&#8221;206&#8243; link=&#8221;http:\/\/www.bolsadecereales.com\/&#8221;][qode_client link_target=&#8221;_blank&#8221; image=&#8221;203&#8243; link=&#8221;https:\/\/www.arca.gob.ar&#8221;][\/qode_clients][vc_empty_space height=&#8221;104px&#8221;][\/vc_column][\/vc_row]<\/p>\n<\/section>","protected":false},"excerpt":{"rendered":"<p>[vc_row css_animation=&#8221;&#8221; row_type=&#8221;row&#8221; use_row_as_full_screen_section=&#8221;no&#8221; type=&#8221;full_width&#8221; angled_section=&#8221;no&#8221; text_align=&#8221;left&#8221; background_image_as_pattern=&#8221;without_pattern&#8221;][vc_column][rev_slider_vc alias=&#8221;home&#8221;][\/vc_column][\/vc_row][vc_row css_animation=&#8221;&#8221; row_type=&#8221;row&#8221; use_row_as_full_screen_section=&#8221;no&#8221; type=&#8221;grid&#8221; angled_section=&#8221;no&#8221; text_align=&#8221;left&#8221; background_image_as_pattern=&#8221;without_pattern&#8221; z_index=&#8221;&#8221; css=&#8221;.vc_custom_1522410083870{padding-top: 123px !important;padding-bottom: 53px !important;}&#8221;][vc_column offset=&#8221;vc_col-lg-6 vc_col-md-12&#8243;][vc_empty_space height=&#8221;50px&#8221;][\/vc_column][vc_column offset=&#8221;vc_col-lg-6 vc_col-md-12&#8243;][qode_elements_holder number_of_columns=&#8221;one_column&#8221;][qode_elements_holder_item advanced_animations=&#8221;no&#8221; item_padding=&#8221;0 50px 0 0&#8243;][vc_empty_space height=&#8221;40px&#8221;][vc_column_text] Un camino compartido. [\/vc_column_text][vc_empty_space height=&#8221;20px&#8221;][vc_column_text]\u201cCrecemos con vos\u201d habla de un camino&#8230;<\/p>\n","protected":false},"author":1,"featured_media":0,"parent":0,"menu_order":0,"comment_status":"closed","ping_status":"closed","template":"full_width.php","meta":{"footnotes":""},"class_list":["post-167","page","type-page","status-publish","hentry"],"yoast_head":"<!-- This site is optimized with the Yoast SEO plugin v26.3 - https:\/\/yoast.com\/wordpress\/plugins\/seo\/ -->\n<title>Home - Cooperativa Agropecuaria La Segunda<\/title>\n<meta name=\"robots\" content=\"index, follow, max-snippet:-1, max-image-preview:large, max-video-preview:-1\" \/>\n<link rel=\"canonical\" href=\"https:\/\/cooplasegunda.com.ar\/sitio\/\" \/>\n<meta property=\"og:locale\" content=\"es_ES\" \/>\n<meta property=\"og:type\" content=\"article\" \/>\n<meta property=\"og:title\" content=\"Home - Cooperativa Agropecuaria La Segunda\" \/>\n<meta property=\"og:description\" content=\"[vc_row css_animation=&#8221;&#8221; row_type=&#8221;row&#8221; use_row_as_full_screen_section=&#8221;no&#8221; type=&#8221;full_width&#8221; angled_section=&#8221;no&#8221; text_align=&#8221;left&#8221; background_image_as_pattern=&#8221;without_pattern&#8221;][vc_column][rev_slider_vc alias=&#8221;home&#8221;][\/vc_column][\/vc_row][vc_row css_animation=&#8221;&#8221; row_type=&#8221;row&#8221; use_row_as_full_screen_section=&#8221;no&#8221; type=&#8221;grid&#8221; angled_section=&#8221;no&#8221; text_align=&#8221;left&#8221; background_image_as_pattern=&#8221;without_pattern&#8221; z_index=&#8221;&#8221; css=&#8221;.vc_custom_1522410083870{padding-top: 123px !important;padding-bottom: 53px !important;}&#8221;][vc_column offset=&#8221;vc_col-lg-6 vc_col-md-12&#8243;][vc_empty_space height=&#8221;50px&#8221;][\/vc_column][vc_column offset=&#8221;vc_col-lg-6 vc_col-md-12&#8243;][qode_elements_holder number_of_columns=&#8221;one_column&#8221;][qode_elements_holder_item advanced_animations=&#8221;no&#8221; item_padding=&#8221;0 50px 0 0&#8243;][vc_empty_space height=&#8221;40px&#8221;][vc_column_text] Un camino compartido. [\/vc_column_text][vc_empty_space height=&#8221;20px&#8221;][vc_column_text]\u201cCrecemos con vos\u201d habla de un camino...\" \/>\n<meta property=\"og:url\" content=\"https:\/\/cooplasegunda.com.ar\/sitio\/\" \/>\n<meta property=\"og:site_name\" content=\"Cooperativa Agropecuaria La Segunda\" \/>\n<meta property=\"article:modified_time\" content=\"2025-11-12T16:00:45+00:00\" \/>\n<meta property=\"og:image\" content=\"https:\/\/cooplasegunda.com.ar\/sitio\/wp-content\/uploads\/2025\/11\/coop_la_segunda.jpg\" \/>\n\t<meta property=\"og:image:width\" content=\"1200\" \/>\n\t<meta property=\"og:image:height\" content=\"675\" \/>\n\t<meta property=\"og:image:type\" content=\"image\/jpeg\" \/>\n<meta name=\"twitter:card\" content=\"summary_large_image\" \/>\n<meta name=\"twitter:label1\" content=\"Tiempo de lectura\" \/>\n\t<meta name=\"twitter:data1\" content=\"3 minutos\" \/>\n<script type=\"application\/ld+json\" class=\"yoast-schema-graph\">{\"@context\":\"https:\/\/schema.org\",\"@graph\":[{\"@type\":\"WebPage\",\"@id\":\"https:\/\/cooplasegunda.com.ar\/sitio\/\",\"url\":\"https:\/\/cooplasegunda.com.ar\/sitio\/\",\"name\":\"Home - Cooperativa Agropecuaria La Segunda\",\"isPartOf\":{\"@id\":\"https:\/\/cooplasegunda.com.ar\/sitio\/#website\"},\"datePublished\":\"2018-03-29T09:36:10+00:00\",\"dateModified\":\"2025-11-12T16:00:45+00:00\",\"breadcrumb\":{\"@id\":\"https:\/\/cooplasegunda.com.ar\/sitio\/#breadcrumb\"},\"inLanguage\":\"es-AR\",\"potentialAction\":[{\"@type\":\"ReadAction\",\"target\":[\"https:\/\/cooplasegunda.com.ar\/sitio\/\"]}]},{\"@type\":\"BreadcrumbList\",\"@id\":\"https:\/\/cooplasegunda.com.ar\/sitio\/#breadcrumb\",\"itemListElement\":[{\"@type\":\"ListItem\",\"position\":1,\"name\":\"Inicio\",\"item\":\"https:\/\/cooplasegunda.com.ar\/sitio\/\"},{\"@type\":\"ListItem\",\"position\":2,\"name\":\"Home\"}]},{\"@type\":\"WebSite\",\"@id\":\"https:\/\/cooplasegunda.com.ar\/sitio\/#website\",\"url\":\"https:\/\/cooplasegunda.com.ar\/sitio\/\",\"name\":\"Cooperativa Agropecuaria La Segunda\",\"description\":\"Cooperativa Agropecuaria La Segunda, La Dulce, agroinsumos, acopio, semillas, ferreter\u00eda, seguros agr\u00edcolas, cooperativa, productores agropecuarios\",\"alternateName\":\"Cooperativa La Segunda\",\"potentialAction\":[{\"@type\":\"SearchAction\",\"target\":{\"@type\":\"EntryPoint\",\"urlTemplate\":\"https:\/\/cooplasegunda.com.ar\/sitio\/?s={search_term_string}\"},\"query-input\":{\"@type\":\"PropertyValueSpecification\",\"valueRequired\":true,\"valueName\":\"search_term_string\"}}],\"inLanguage\":\"es-AR\"}]}<\/script>\n<!-- \/ Yoast SEO plugin. -->","yoast_head_json":{"title":"Home - Cooperativa Agropecuaria La Segunda","robots":{"index":"index","follow":"follow","max-snippet":"max-snippet:-1","max-image-preview":"max-image-preview:large","max-video-preview":"max-video-preview:-1"},"canonical":"https:\/\/cooplasegunda.com.ar\/sitio\/","og_locale":"es_ES","og_type":"article","og_title":"Home - Cooperativa Agropecuaria La Segunda","og_description":"[vc_row css_animation=&#8221;&#8221; row_type=&#8221;row&#8221; use_row_as_full_screen_section=&#8221;no&#8221; type=&#8221;full_width&#8221; angled_section=&#8221;no&#8221; text_align=&#8221;left&#8221; background_image_as_pattern=&#8221;without_pattern&#8221;][vc_column][rev_slider_vc alias=&#8221;home&#8221;][\/vc_column][\/vc_row][vc_row css_animation=&#8221;&#8221; row_type=&#8221;row&#8221; use_row_as_full_screen_section=&#8221;no&#8221; type=&#8221;grid&#8221; angled_section=&#8221;no&#8221; text_align=&#8221;left&#8221; background_image_as_pattern=&#8221;without_pattern&#8221; z_index=&#8221;&#8221; css=&#8221;.vc_custom_1522410083870{padding-top: 123px !important;padding-bottom: 53px !important;}&#8221;][vc_column offset=&#8221;vc_col-lg-6 vc_col-md-12&#8243;][vc_empty_space height=&#8221;50px&#8221;][\/vc_column][vc_column offset=&#8221;vc_col-lg-6 vc_col-md-12&#8243;][qode_elements_holder number_of_columns=&#8221;one_column&#8221;][qode_elements_holder_item advanced_animations=&#8221;no&#8221; item_padding=&#8221;0 50px 0 0&#8243;][vc_empty_space height=&#8221;40px&#8221;][vc_column_text] Un camino compartido. [\/vc_column_text][vc_empty_space height=&#8221;20px&#8221;][vc_column_text]\u201cCrecemos con vos\u201d habla de un camino...","og_url":"https:\/\/cooplasegunda.com.ar\/sitio\/","og_site_name":"Cooperativa Agropecuaria La Segunda","article_modified_time":"2025-11-12T16:00:45+00:00","og_image":[{"width":1200,"height":675,"url":"https:\/\/cooplasegunda.com.ar\/sitio\/wp-content\/uploads\/2025\/11\/coop_la_segunda.jpg","type":"image\/jpeg"}],"twitter_card":"summary_large_image","twitter_misc":{"Tiempo de lectura":"3 minutos"},"schema":{"@context":"https:\/\/schema.org","@graph":[{"@type":"WebPage","@id":"https:\/\/cooplasegunda.com.ar\/sitio\/","url":"https:\/\/cooplasegunda.com.ar\/sitio\/","name":"Home - Cooperativa Agropecuaria La Segunda","isPartOf":{"@id":"https:\/\/cooplasegunda.com.ar\/sitio\/#website"},"datePublished":"2018-03-29T09:36:10+00:00","dateModified":"2025-11-12T16:00:45+00:00","breadcrumb":{"@id":"https:\/\/cooplasegunda.com.ar\/sitio\/#breadcrumb"},"inLanguage":"es-AR","potentialAction":[{"@type":"ReadAction","target":["https:\/\/cooplasegunda.com.ar\/sitio\/"]}]},{"@type":"BreadcrumbList","@id":"https:\/\/cooplasegunda.com.ar\/sitio\/#breadcrumb","itemListElement":[{"@type":"ListItem","position":1,"name":"Inicio","item":"https:\/\/cooplasegunda.com.ar\/sitio\/"},{"@type":"ListItem","position":2,"name":"Home"}]},{"@type":"WebSite","@id":"https:\/\/cooplasegunda.com.ar\/sitio\/#website","url":"https:\/\/cooplasegunda.com.ar\/sitio\/","name":"Cooperativa Agropecuaria La Segunda","description":"Cooperativa Agropecuaria La Segunda, La Dulce, agroinsumos, acopio, semillas, ferreter\u00eda, seguros agr\u00edcolas, cooperativa, productores agropecuarios","alternateName":"Cooperativa La Segunda","potentialAction":[{"@type":"SearchAction","target":{"@type":"EntryPoint","urlTemplate":"https:\/\/cooplasegunda.com.ar\/sitio\/?s={search_term_string}"},"query-input":{"@type":"PropertyValueSpecification","valueRequired":true,"valueName":"search_term_string"}}],"inLanguage":"es-AR"}]}},"_links":{"self":[{"href":"https:\/\/cooplasegunda.com.ar\/sitio\/wp-json\/wp\/v2\/pages\/167","targetHints":{"allow":["GET"]}}],"collection":[{"href":"https:\/\/cooplasegunda.com.ar\/sitio\/wp-json\/wp\/v2\/pages"}],"about":[{"href":"https:\/\/cooplasegunda.com.ar\/sitio\/wp-json\/wp\/v2\/types\/page"}],"author":[{"embeddable":true,"href":"https:\/\/cooplasegunda.com.ar\/sitio\/wp-json\/wp\/v2\/users\/1"}],"replies":[{"embeddable":true,"href":"https:\/\/cooplasegunda.com.ar\/sitio\/wp-json\/wp\/v2\/comments?post=167"}],"version-history":[{"count":23,"href":"https:\/\/cooplasegunda.com.ar\/sitio\/wp-json\/wp\/v2\/pages\/167\/revisions"}],"predecessor-version":[{"id":362,"href":"https:\/\/cooplasegunda.com.ar\/sitio\/wp-json\/wp\/v2\/pages\/167\/revisions\/362"}],"wp:attachment":[{"href":"https:\/\/cooplasegunda.com.ar\/sitio\/wp-json\/wp\/v2\/media?parent=167"}],"curies":[{"name":"wp","href":"https:\/\/api.w.org\/{rel}","templated":true}]}}