{"id":2,"date":"2025-10-29T20:05:38","date_gmt":"2025-10-29T20:05:38","guid":{"rendered":"https:\/\/cooplasegunda.com.ar\/sitio\/?page_id=2"},"modified":"2025-11-13T16:30:56","modified_gmt":"2025-11-13T19:30:56","slug":"areas","status":"publish","type":"page","link":"https:\/\/cooplasegunda.com.ar\/sitio\/areas\/","title":{"rendered":"Areas de negocio"},"content":{"rendered":"<section class=\"wpb-content-wrapper\"><p>[vc_row css_animation=&#8221;&#8221; row_type=&#8221;row&#8221; use_row_as_full_screen_section=&#8221;no&#8221; type=&#8221;full_width&#8221; angled_section=&#8221;no&#8221; text_align=&#8221;left&#8221; background_image_as_pattern=&#8221;without_pattern&#8221;][vc_column][vc_row_inner row_type=&#8221;row&#8221; type=&#8221;full_width&#8221; text_align=&#8221;left&#8221; css_animation=&#8221;&#8221;][vc_column_inner width=&#8221;1\/2&#8243;][vc_empty_space height=&#8221;12px&#8221;][vc_column_text]<\/p>\n<h2>GRANOS<\/h2>\n<p>[\/vc_column_text][vc_empty_space height=&#8221;12px&#8221;][vc_column_text]<\/p>\n<p>Nuestra Cooperativa busca obtener los mejores negocios para la comercializaci\u00f3n de la producci\u00f3n de nuestros asociados, brindado asesoramiento especializado, un servicio \u00e1gil y transparente. Realizamos la comercializaci\u00f3n de los granos a trav\u00e9s de la Asociaci\u00f3n de Cooperativas Argentinas, de la cual somos asociados.<\/p>\n<p>Contamos con transporte propio para el reparto de fertilizantes y una flota de camiones contratados para el trasporte de los granos a nuestra planta o a los puertos de la zona, buscando brindar excelencia en la log\u00edstica.<\/p>\n<p>La Cooperativa cuenta con una planta de silos propia para el acopio de granos y el acondicionamiento de la producci\u00f3n de nuestros asociados.<\/p>\n<p>[\/vc_column_text][vc_empty_space height=&#8221;22px&#8221;]\n\n\t<a href=\"https:\/\/wa.me\/542262493430\" target=\"_blank\" style=\"color: #00a03a;background-color: #232c76\" class=\"qode-btn qode-btn-medium qode-btn-solid qode-btn-custom-hover-bg qode-btn-custom-hover-color qode-btn-icon qode-btn-default-hover\" data-hover-bg-color=\"#232c76\" data-hover-color=\"#ffffff\" >\n\t    <span class=\"qode-btn-text\">CONSULTAR POR ESTE SERVICIO<\/span><span class=\"qode-button-v2-icon-holder\"  ><i class=\"qode_icon_font_awesome fa fa-whatsapp qode-button-v2-icon-holder-inner\" ><\/i><\/span>\t<\/a>\n\n[\/vc_column_inner][vc_column_inner width=&#8221;1\/2&#8243;][vc_single_image image=&#8221;258&#8243; img_size=&#8221;full&#8221; qode_css_animation=&#8221;&#8221;][\/vc_column_inner][\/vc_row_inner][vc_empty_space height=&#8221;64px&#8221;][vc_row_inner row_type=&#8221;row&#8221; type=&#8221;full_width&#8221; text_align=&#8221;left&#8221; css_animation=&#8221;&#8221;][vc_column_inner width=&#8221;1\/2&#8243;][vc_single_image image=&#8221;262&#8243; img_size=&#8221;full&#8221; qode_css_animation=&#8221;&#8221;][\/vc_column_inner][vc_column_inner width=&#8221;1\/2&#8243;][vc_empty_space height=&#8221;12px&#8221;][vc_column_text]<\/p>\n<h2>AGROINSUMOS<\/h2>\n<p>[\/vc_column_text][vc_empty_space height=&#8221;12px&#8221;][vc_column_text]En esta \u00e1rea, prestamos un servicio de asesoramiento al asociado en donde nuestros ingenieros agr\u00f3nomos desarrollan su profesionalizaci\u00f3n d\u00eda a d\u00eda. Generamos el aprovisionamiento de semillas, insumos y fertilizantes.<\/p>\n<p>Nos abastecemos de los principales proveedores de insumos y marcas reconocidas, siendo ACA nuestro principal proveedor como as\u00ed tambi\u00e9n nuestro destinatario de granos. El asociado podr\u00e1 acceder a los mejores productos del mercado no s\u00f3lo con precios sumamente competitivos, sino adem\u00e1s con la particularidad de poder obtener diversas opciones de financiaci\u00f3n: canje, tarjetas rurales, descuento de cheques para compras de insumos, insumos pesificados e insumos dolarizados.[\/vc_column_text][vc_empty_space height=&#8221;12px&#8221;][vc_empty_space height=&#8221;12px&#8221;]\n\n\t<a href=\"https:\/\/wa.me\/542262405498\" target=\"_blank\" style=\"color: #00a03a;background-color: #232c76\" class=\"qode-btn qode-btn-medium qode-btn-solid qode-btn-custom-hover-bg qode-btn-custom-hover-color qode-btn-icon qode-btn-default-hover\" data-hover-bg-color=\"#232c76\" data-hover-color=\"#ffffff\" >\n\t    <span class=\"qode-btn-text\">CONSULTAR POR ESTE SERVICIO<\/span><span class=\"qode-button-v2-icon-holder\"  ><i class=\"qode_icon_font_awesome fa fa-whatsapp qode-button-v2-icon-holder-inner\" ><\/i><\/span>\t<\/a>\n\n[\/vc_column_inner][\/vc_row_inner][vc_empty_space height=&#8221;64px&#8221;][vc_row_inner row_type=&#8221;row&#8221; type=&#8221;full_width&#8221; text_align=&#8221;left&#8221; css_animation=&#8221;&#8221;][vc_column_inner width=&#8221;1\/2&#8243;][vc_empty_space height=&#8221;12px&#8221;][vc_column_text]<\/p>\n<h2>COMBUSTIBLES Y LUBRICANTES<\/h2>\n<p>[\/vc_column_text][vc_empty_space height=&#8221;12px&#8221;][vc_column_text]Desde la Cooperativa trabajamos para abastecer a nuestros asociados con los mejores lubricantes y combustibles, contamos con el aprovisionamiento de las petroleras m\u00e1s reconocidas.<\/p>\n<p>Contamos con un cami\u00f3n cisterna que es utilizado para entregar a los socios el combustible en el campo en tiempo y forma.[\/vc_column_text][vc_empty_space height=&#8221;12px&#8221;][vc_empty_space height=&#8221;12px&#8221;]\n\n\t<a href=\"https:\/\/wa.me\/542262493425\" target=\"_blank\" style=\"color: #00a03a;background-color: #232c76\" class=\"qode-btn qode-btn-medium qode-btn-solid qode-btn-custom-hover-bg qode-btn-custom-hover-color qode-btn-icon qode-btn-default-hover\" data-hover-bg-color=\"#232c76\" data-hover-color=\"#ffffff\" >\n\t    <span class=\"qode-btn-text\">CONSULTAR POR ESTE SERVICIO<\/span><span class=\"qode-button-v2-icon-holder\"  ><i class=\"qode_icon_font_awesome fa fa-whatsapp qode-button-v2-icon-holder-inner\" ><\/i><\/span>\t<\/a>\n\n[\/vc_column_inner][vc_column_inner width=&#8221;1\/2&#8243;][vc_single_image image=&#8221;264&#8243; img_size=&#8221;full&#8221; qode_css_animation=&#8221;&#8221;][\/vc_column_inner][\/vc_row_inner][vc_empty_space height=&#8221;64px&#8221;][vc_row_inner row_type=&#8221;row&#8221; type=&#8221;full_width&#8221; text_align=&#8221;left&#8221; css_animation=&#8221;&#8221;][vc_column_inner width=&#8221;1\/2&#8243;][vc_single_image image=&#8221;296&#8243; img_size=&#8221;full&#8221; qode_css_animation=&#8221;&#8221;][\/vc_column_inner][vc_column_inner width=&#8221;1\/2&#8243;][vc_empty_space height=&#8221;12px&#8221;][vc_column_text]<\/p>\n<h2>SEGURO &#8211; SALUD &#8211; TURISMO<\/h2>\n<p>[\/vc_column_text][vc_empty_space height=&#8221;12px&#8221;][vc_column_text]Nuestra cooperativa es 100 % consecuente con las l\u00edneas de producto de ACA, por lo tanto ofrecemos a nuestra masa de Asociados los seguros de La Segunda Ltda, ACA Salud y Coovaeco Turismo.<\/p>\n<h3 class=\"tit_bloque\">LA SEGUNDA SEGUROS GENERALES<\/h3>\n<p>En lo referido a <strong>La Segunda Seguros Generales<\/strong>, con presencia en todo el territorio nacional, dedicada a operar en seguros patrimoniales, agr\u00edcolas, vehiculares, del hogar y seguros de vida.<\/p>\n<h3 class=\"tit_bloque\">AVALIAN (ACA SALUD)<\/h3>\n<p>En relaci\u00f3n a la asistencia de salud, <strong>AVALIAN<\/strong> nos ofrece la libre elecci\u00f3n de m\u00e9dicos y sanatorios contratados, atenci\u00f3n personalizada y la m\u00e1s amplia cobertura nacional, el acceso a tecnolog\u00eda m\u00e9dica de punta y el precio adecuado hacen una combinaci\u00f3n muy interesante para evaluar algo tan importante como la protecci\u00f3n de nuestra salud.<\/p>\n<h3 class=\"tit_bloque\">COOVAECO TURISMO<\/h3>\n<p>Una de las principales empresas de turismo del pa\u00eds, especializada en viajes de recreaci\u00f3n, t\u00e9cnicos y corporativos. Ofrece paquetes a nivel nacional e internacional para todas las edades. El pago puede realizarse a trav\u00e9s de canje, sistema cuotas y tarjetas bancarias.[\/vc_column_text][vc_empty_space height=&#8221;12px&#8221;][vc_empty_space height=&#8221;12px&#8221;]\n\n\t<a href=\"https:\/\/wa.me\/542262517741\" target=\"_blank\" style=\"color: #00a03a;background-color: #232c76\" class=\"qode-btn qode-btn-medium qode-btn-solid qode-btn-custom-hover-bg qode-btn-custom-hover-color qode-btn-icon qode-btn-default-hover\" data-hover-bg-color=\"#232c76\" data-hover-color=\"#ffffff\" >\n\t    <span class=\"qode-btn-text\">CONSULTAR POR ESTE SERVICIO<\/span><span class=\"qode-button-v2-icon-holder\"  ><i class=\"qode_icon_font_awesome fa fa-whatsapp qode-button-v2-icon-holder-inner\" ><\/i><\/span>\t<\/a>\n\n[\/vc_column_inner][\/vc_row_inner][vc_empty_space height=&#8221;64px&#8221;][vc_row_inner row_type=&#8221;row&#8221; type=&#8221;full_width&#8221; text_align=&#8221;left&#8221; css_animation=&#8221;&#8221;][vc_column_inner width=&#8221;1\/2&#8243;][vc_empty_space height=&#8221;12px&#8221;][vc_column_text]<\/p>\n<h2>FERRETER\u00cdA Y CORRAL\u00d3N<\/h2>\n<p>[\/vc_column_text][vc_empty_space height=&#8221;12px&#8221;][vc_column_text]Dicho servicio no solo est\u00e1 dirigido al asociado sino a la Comunidad en general por la clase de productos que comercializamos.<\/p>\n<p>Nuestra Cooperativa ofrece la mayor variedad y disponibilidad de art\u00edculos para el agro y\u00a0los productos necesarios para la vivienda\/construcci\u00f3n. Experiencia, eficiencia y transparencia son los rasgos que nos identifican y permiten que seamos referentes en nuestra Localidad.[\/vc_column_text][vc_empty_space height=&#8221;12px&#8221;][vc_empty_space height=&#8221;12px&#8221;]\n\n\t<a href=\"https:\/\/wa.me\/542262493428\" target=\"_blank\" style=\"color: #00a03a;background-color: #232c76\" class=\"qode-btn qode-btn-medium qode-btn-solid qode-btn-custom-hover-bg qode-btn-custom-hover-color qode-btn-icon qode-btn-default-hover\" data-hover-bg-color=\"#232c76\" data-hover-color=\"#ffffff\" >\n\t    <span class=\"qode-btn-text\">CONSULTAR POR ESTE SERVICIO<\/span><span class=\"qode-button-v2-icon-holder\"  ><i class=\"qode_icon_font_awesome fa fa-whatsapp qode-button-v2-icon-holder-inner\" ><\/i><\/span>\t<\/a>\n\n[\/vc_column_inner][vc_column_inner width=&#8221;1\/2&#8243;][vc_single_image image=&#8221;269&#8243; img_size=&#8221;full&#8221; qode_css_animation=&#8221;&#8221;][\/vc_column_inner][\/vc_row_inner][vc_empty_space height=&#8221;64px&#8221;][\/vc_column][\/vc_row]<\/p>\n<\/section>","protected":false},"excerpt":{"rendered":"<p>[vc_row css_animation=&#8221;&#8221; row_type=&#8221;row&#8221; use_row_as_full_screen_section=&#8221;no&#8221; type=&#8221;full_width&#8221; angled_section=&#8221;no&#8221; text_align=&#8221;left&#8221; background_image_as_pattern=&#8221;without_pattern&#8221;][vc_column][vc_row_inner row_type=&#8221;row&#8221; type=&#8221;full_width&#8221; text_align=&#8221;left&#8221; css_animation=&#8221;&#8221;][vc_column_inner width=&#8221;1\/2&#8243;][vc_empty_space height=&#8221;12px&#8221;][vc_column_text] GRANOS [\/vc_column_text][vc_empty_space height=&#8221;12px&#8221;][vc_column_text] Nuestra Cooperativa busca obtener los mejores negocios para la comercializaci\u00f3n de la producci\u00f3n de nuestros asociados, brindado asesoramiento especializado, un servicio \u00e1gil y transparente. Realizamos la comercializaci\u00f3n de&#8230;<\/p>\n","protected":false},"author":1,"featured_media":0,"parent":0,"menu_order":0,"comment_status":"closed","ping_status":"open","template":"","meta":{"footnotes":""},"class_list":["post-2","page","type-page","status-publish","hentry"],"yoast_head":"<!-- This site is optimized with the Yoast SEO plugin v26.3 - https:\/\/yoast.com\/wordpress\/plugins\/seo\/ -->\n<title>Areas de negocio - Cooperativa Agropecuaria La Segunda<\/title>\n<meta name=\"robots\" content=\"index, follow, max-snippet:-1, max-image-preview:large, max-video-preview:-1\" \/>\n<link rel=\"canonical\" href=\"https:\/\/cooplasegunda.com.ar\/sitio\/areas\/\" \/>\n<meta property=\"og:locale\" content=\"es_ES\" \/>\n<meta property=\"og:type\" content=\"article\" \/>\n<meta property=\"og:title\" content=\"Areas de negocio - Cooperativa Agropecuaria La Segunda\" \/>\n<meta property=\"og:description\" content=\"[vc_row css_animation=&#8221;&#8221; row_type=&#8221;row&#8221; use_row_as_full_screen_section=&#8221;no&#8221; type=&#8221;full_width&#8221; angled_section=&#8221;no&#8221; text_align=&#8221;left&#8221; background_image_as_pattern=&#8221;without_pattern&#8221;][vc_column][vc_row_inner row_type=&#8221;row&#8221; type=&#8221;full_width&#8221; text_align=&#8221;left&#8221; css_animation=&#8221;&#8221;][vc_column_inner width=&#8221;1\/2&#8243;][vc_empty_space height=&#8221;12px&#8221;][vc_column_text] GRANOS [\/vc_column_text][vc_empty_space height=&#8221;12px&#8221;][vc_column_text] Nuestra Cooperativa busca obtener los mejores negocios para la comercializaci\u00f3n de la producci\u00f3n de nuestros asociados, brindado asesoramiento especializado, un servicio \u00e1gil y transparente. Realizamos la comercializaci\u00f3n de...\" \/>\n<meta property=\"og:url\" content=\"https:\/\/cooplasegunda.com.ar\/sitio\/areas\/\" \/>\n<meta property=\"og:site_name\" content=\"Cooperativa Agropecuaria La Segunda\" \/>\n<meta property=\"article:modified_time\" content=\"2025-11-13T19:30:56+00:00\" \/>\n<meta property=\"og:image\" content=\"https:\/\/cooplasegunda.com.ar\/sitio\/wp-content\/uploads\/2025\/11\/coop_la_segunda.jpg\" \/>\n\t<meta property=\"og:image:width\" content=\"1200\" \/>\n\t<meta property=\"og:image:height\" content=\"675\" \/>\n\t<meta property=\"og:image:type\" content=\"image\/jpeg\" \/>\n<meta name=\"twitter:card\" content=\"summary_large_image\" \/>\n<meta name=\"twitter:label1\" content=\"Tiempo de lectura\" \/>\n\t<meta name=\"twitter:data1\" content=\"4 minutos\" \/>\n<script type=\"application\/ld+json\" class=\"yoast-schema-graph\">{\"@context\":\"https:\/\/schema.org\",\"@graph\":[{\"@type\":\"WebPage\",\"@id\":\"https:\/\/cooplasegunda.com.ar\/sitio\/areas\/\",\"url\":\"https:\/\/cooplasegunda.com.ar\/sitio\/areas\/\",\"name\":\"Areas de negocio - Cooperativa Agropecuaria La Segunda\",\"isPartOf\":{\"@id\":\"https:\/\/cooplasegunda.com.ar\/sitio\/#website\"},\"datePublished\":\"2025-10-29T20:05:38+00:00\",\"dateModified\":\"2025-11-13T19:30:56+00:00\",\"breadcrumb\":{\"@id\":\"https:\/\/cooplasegunda.com.ar\/sitio\/areas\/#breadcrumb\"},\"inLanguage\":\"es-AR\",\"potentialAction\":[{\"@type\":\"ReadAction\",\"target\":[\"https:\/\/cooplasegunda.com.ar\/sitio\/areas\/\"]}]},{\"@type\":\"BreadcrumbList\",\"@id\":\"https:\/\/cooplasegunda.com.ar\/sitio\/areas\/#breadcrumb\",\"itemListElement\":[{\"@type\":\"ListItem\",\"position\":1,\"name\":\"Inicio\",\"item\":\"https:\/\/cooplasegunda.com.ar\/sitio\/\"},{\"@type\":\"ListItem\",\"position\":2,\"name\":\"Areas de negocio\"}]},{\"@type\":\"WebSite\",\"@id\":\"https:\/\/cooplasegunda.com.ar\/sitio\/#website\",\"url\":\"https:\/\/cooplasegunda.com.ar\/sitio\/\",\"name\":\"Cooperativa Agropecuaria La Segunda\",\"description\":\"Cooperativa Agropecuaria La Segunda, La Dulce, agroinsumos, acopio, semillas, ferreter\u00eda, seguros agr\u00edcolas, cooperativa, productores agropecuarios\",\"alternateName\":\"Cooperativa La Segunda\",\"potentialAction\":[{\"@type\":\"SearchAction\",\"target\":{\"@type\":\"EntryPoint\",\"urlTemplate\":\"https:\/\/cooplasegunda.com.ar\/sitio\/?s={search_term_string}\"},\"query-input\":{\"@type\":\"PropertyValueSpecification\",\"valueRequired\":true,\"valueName\":\"search_term_string\"}}],\"inLanguage\":\"es-AR\"}]}<\/script>\n<!-- \/ Yoast SEO plugin. -->","yoast_head_json":{"title":"Areas de negocio - Cooperativa Agropecuaria La Segunda","robots":{"index":"index","follow":"follow","max-snippet":"max-snippet:-1","max-image-preview":"max-image-preview:large","max-video-preview":"max-video-preview:-1"},"canonical":"https:\/\/cooplasegunda.com.ar\/sitio\/areas\/","og_locale":"es_ES","og_type":"article","og_title":"Areas de negocio - Cooperativa Agropecuaria La Segunda","og_description":"[vc_row css_animation=&#8221;&#8221; row_type=&#8221;row&#8221; use_row_as_full_screen_section=&#8221;no&#8221; type=&#8221;full_width&#8221; angled_section=&#8221;no&#8221; text_align=&#8221;left&#8221; background_image_as_pattern=&#8221;without_pattern&#8221;][vc_column][vc_row_inner row_type=&#8221;row&#8221; type=&#8221;full_width&#8221; text_align=&#8221;left&#8221; css_animation=&#8221;&#8221;][vc_column_inner width=&#8221;1\/2&#8243;][vc_empty_space height=&#8221;12px&#8221;][vc_column_text] GRANOS [\/vc_column_text][vc_empty_space height=&#8221;12px&#8221;][vc_column_text] Nuestra Cooperativa busca obtener los mejores negocios para la comercializaci\u00f3n de la producci\u00f3n de nuestros asociados, brindado asesoramiento especializado, un servicio \u00e1gil y transparente. Realizamos la comercializaci\u00f3n de...","og_url":"https:\/\/cooplasegunda.com.ar\/sitio\/areas\/","og_site_name":"Cooperativa Agropecuaria La Segunda","article_modified_time":"2025-11-13T19:30:56+00:00","og_image":[{"width":1200,"height":675,"url":"https:\/\/cooplasegunda.com.ar\/sitio\/wp-content\/uploads\/2025\/11\/coop_la_segunda.jpg","type":"image\/jpeg"}],"twitter_card":"summary_large_image","twitter_misc":{"Tiempo de lectura":"4 minutos"},"schema":{"@context":"https:\/\/schema.org","@graph":[{"@type":"WebPage","@id":"https:\/\/cooplasegunda.com.ar\/sitio\/areas\/","url":"https:\/\/cooplasegunda.com.ar\/sitio\/areas\/","name":"Areas de negocio - Cooperativa Agropecuaria La Segunda","isPartOf":{"@id":"https:\/\/cooplasegunda.com.ar\/sitio\/#website"},"datePublished":"2025-10-29T20:05:38+00:00","dateModified":"2025-11-13T19:30:56+00:00","breadcrumb":{"@id":"https:\/\/cooplasegunda.com.ar\/sitio\/areas\/#breadcrumb"},"inLanguage":"es-AR","potentialAction":[{"@type":"ReadAction","target":["https:\/\/cooplasegunda.com.ar\/sitio\/areas\/"]}]},{"@type":"BreadcrumbList","@id":"https:\/\/cooplasegunda.com.ar\/sitio\/areas\/#breadcrumb","itemListElement":[{"@type":"ListItem","position":1,"name":"Inicio","item":"https:\/\/cooplasegunda.com.ar\/sitio\/"},{"@type":"ListItem","position":2,"name":"Areas de negocio"}]},{"@type":"WebSite","@id":"https:\/\/cooplasegunda.com.ar\/sitio\/#website","url":"https:\/\/cooplasegunda.com.ar\/sitio\/","name":"Cooperativa Agropecuaria La Segunda","description":"Cooperativa Agropecuaria La Segunda, La Dulce, agroinsumos, acopio, semillas, ferreter\u00eda, seguros agr\u00edcolas, cooperativa, productores agropecuarios","alternateName":"Cooperativa La Segunda","potentialAction":[{"@type":"SearchAction","target":{"@type":"EntryPoint","urlTemplate":"https:\/\/cooplasegunda.com.ar\/sitio\/?s={search_term_string}"},"query-input":{"@type":"PropertyValueSpecification","valueRequired":true,"valueName":"search_term_string"}}],"inLanguage":"es-AR"}]}},"_links":{"self":[{"href":"https:\/\/cooplasegunda.com.ar\/sitio\/wp-json\/wp\/v2\/pages\/2","targetHints":{"allow":["GET"]}}],"collection":[{"href":"https:\/\/cooplasegunda.com.ar\/sitio\/wp-json\/wp\/v2\/pages"}],"about":[{"href":"https:\/\/cooplasegunda.com.ar\/sitio\/wp-json\/wp\/v2\/types\/page"}],"author":[{"embeddable":true,"href":"https:\/\/cooplasegunda.com.ar\/sitio\/wp-json\/wp\/v2\/users\/1"}],"replies":[{"embeddable":true,"href":"https:\/\/cooplasegunda.com.ar\/sitio\/wp-json\/wp\/v2\/comments?post=2"}],"version-history":[{"count":23,"href":"https:\/\/cooplasegunda.com.ar\/sitio\/wp-json\/wp\/v2\/pages\/2\/revisions"}],"predecessor-version":[{"id":397,"href":"https:\/\/cooplasegunda.com.ar\/sitio\/wp-json\/wp\/v2\/pages\/2\/revisions\/397"}],"wp:attachment":[{"href":"https:\/\/cooplasegunda.com.ar\/sitio\/wp-json\/wp\/v2\/media?parent=2"}],"curies":[{"name":"wp","href":"https:\/\/api.w.org\/{rel}","templated":true}]}}