{"id":286,"date":"2025-11-10T17:08:14","date_gmt":"2025-11-10T20:08:14","guid":{"rendered":"https:\/\/cooplasegunda.com.ar\/sitio\/?page_id=286"},"modified":"2025-11-10T17:12:54","modified_gmt":"2025-11-10T20:12:54","slug":"trabaja-con-nosotros","status":"publish","type":"page","link":"https:\/\/cooplasegunda.com.ar\/sitio\/trabaja-con-nosotros\/","title":{"rendered":"Trabaja con nosotros"},"content":{"rendered":"<section class=\"wpb-content-wrapper\"><p>[vc_row css_animation=&#8221;&#8221; row_type=&#8221;row&#8221; use_row_as_full_screen_section=&#8221;no&#8221; type=&#8221;grid&#8221; angled_section=&#8221;no&#8221; text_align=&#8221;left&#8221; background_image_as_pattern=&#8221;without_pattern&#8221; z_index=&#8221;&#8221;][vc_column][vc_empty_space][vc_column_text]Trabajamos todos los d\u00edas para crecer junto a nuestros asociados, productores y vecinos. Si te gustar\u00eda formar parte de nuestro equipo, complet\u00e1 el siguiente formulario y envi\u00e1 tu CV.[\/vc_column_text][vc_empty_space][vc_row_inner row_type=&#8221;row&#8221; type=&#8221;full_width&#8221; text_align=&#8221;left&#8221; css_animation=&#8221;&#8221;][vc_column_inner width=&#8221;1\/4&#8243;][\/vc_column_inner][vc_column_inner width=&#8221;1\/2&#8243;]\n<div class=\"wpcf7 no-js\" id=\"wpcf7-f283-o1\" lang=\"es-AR\" dir=\"ltr\" data-wpcf7-id=\"283\">\n<div class=\"screen-reader-response\"><p role=\"status\" aria-live=\"polite\" aria-atomic=\"true\"><\/p> <ul><\/ul><\/div>\n<form action=\"\/sitio\/wp-json\/wp\/v2\/pages\/286#wpcf7-f283-o1\" method=\"post\" class=\"wpcf7-form init cf7_custom_style_1\" aria-label=\"Formulario de contacto\" enctype=\"multipart\/form-data\" novalidate=\"novalidate\" data-status=\"init\">\n<fieldset class=\"hidden-fields-container\"><input type=\"hidden\" name=\"_wpcf7\" value=\"283\" \/><input type=\"hidden\" name=\"_wpcf7_version\" value=\"6.1.5\" \/><input type=\"hidden\" name=\"_wpcf7_locale\" value=\"es_AR\" \/><input type=\"hidden\" name=\"_wpcf7_unit_tag\" value=\"wpcf7-f283-o1\" \/><input type=\"hidden\" name=\"_wpcf7_container_post\" value=\"0\" \/><input type=\"hidden\" name=\"_wpcf7_posted_data_hash\" value=\"\" \/>\n<\/fieldset>\n<p><label>Nombre*<br \/>\n<span class=\"wpcf7-form-control-wrap\" data-name=\"nombre\"><input size=\"40\" maxlength=\"400\" class=\"wpcf7-form-control wpcf7-text wpcf7-validates-as-required\" id=\"nombre\" aria-required=\"true\" aria-invalid=\"false\" placeholder=\"Nombre\" value=\"\" type=\"text\" name=\"nombre\" \/><\/span><\/label>\n<\/p>\n<p><label>Apellido*<br \/>\n<span class=\"wpcf7-form-control-wrap\" data-name=\"apellido\"><input size=\"40\" maxlength=\"400\" class=\"wpcf7-form-control wpcf7-text wpcf7-validates-as-required\" id=\"apellido\" aria-required=\"true\" aria-invalid=\"false\" placeholder=\"Apellido\" value=\"\" type=\"text\" name=\"apellido\" \/><\/span><\/label>\n<\/p>\n<p><label>Tel\u00e9fono<br \/>\n<span class=\"wpcf7-form-control-wrap\" data-name=\"telefono\"><input size=\"40\" maxlength=\"400\" class=\"wpcf7-form-control wpcf7-tel wpcf7-text wpcf7-validates-as-tel\" id=\"telefono\" aria-invalid=\"false\" placeholder=\"+54 9 ...\" value=\"\" type=\"tel\" name=\"telefono\" \/><\/span><\/label>\n<\/p>\n<p><label>Correo electr\u00f3nico*<br \/>\n<span class=\"wpcf7-form-control-wrap\" data-name=\"correo\"><input size=\"40\" maxlength=\"400\" class=\"wpcf7-form-control wpcf7-email wpcf7-validates-as-required wpcf7-text wpcf7-validates-as-email\" id=\"correo\" aria-required=\"true\" aria-invalid=\"false\" placeholder=\"tunombre@ejemplo.com\" value=\"\" type=\"email\" name=\"correo\" \/><\/span><\/label>\n<\/p>\n<p><label>Ciudad o localidad<br \/>\n<span class=\"wpcf7-form-control-wrap\" data-name=\"ciudad\"><input size=\"40\" maxlength=\"400\" class=\"wpcf7-form-control wpcf7-text\" id=\"ciudad\" aria-invalid=\"false\" placeholder=\"Ej.: Necochea\" value=\"\" type=\"text\" name=\"ciudad\" \/><\/span><\/label>\n<\/p>\n<p><label>Provincia<br \/>\n<span class=\"wpcf7-form-control-wrap\" data-name=\"provincia\"><input size=\"40\" maxlength=\"400\" class=\"wpcf7-form-control wpcf7-text\" id=\"provincia\" aria-invalid=\"false\" placeholder=\"Ej.: Buenos Aires\" value=\"\" type=\"text\" name=\"provincia\" \/><\/span><\/label>\n<\/p>\n<hr \/>\n<p><label>\u00c1rea de inter\u00e9s*<br \/>\n<span class=\"wpcf7-form-control-wrap\" data-name=\"area\"><select class=\"wpcf7-form-control wpcf7-select wpcf7-validates-as-required\" id=\"area\" aria-required=\"true\" aria-invalid=\"false\" name=\"area\"><option value=\"Administraci\u00f3n \/ Contabilidad\">Administraci\u00f3n \/ Contabilidad<\/option><option value=\"Agroinsumos\">Agroinsumos<\/option><option value=\"Planta \/ Acopio\">Planta \/ Acopio<\/option><option value=\"Transporte\">Transporte<\/option><option value=\"Ventas y atenci\u00f3n al asociado\">Ventas y atenci\u00f3n al asociado<\/option><option value=\"Seguros\">Seguros<\/option><option value=\"Otra (especificar)\">Otra (especificar)<\/option><\/select><\/span><\/label>\n<\/p>\n<p><label>Si elegiste \"Otra\", especific\u00e1:<br \/>\n<span class=\"wpcf7-form-control-wrap\" data-name=\"otra_especificar\"><input size=\"40\" maxlength=\"400\" class=\"wpcf7-form-control wpcf7-text\" id=\"otra_especificar\" aria-invalid=\"false\" placeholder=\"Especificar \u00e1rea\" value=\"\" type=\"text\" name=\"otra_especificar\" \/><\/span><\/label>\n<\/p>\n<hr \/>\n<p><label>Tu perfil (m\u00e1x. 500 caracteres)<br \/>\n<span class=\"wpcf7-form-control-wrap\" data-name=\"your-profile\"><textarea cols=\"40\" rows=\"10\" maxlength=\"500\" class=\"wpcf7-form-control wpcf7-textarea\" id=\"your-profile\" aria-invalid=\"false\" placeholder=\"Contanos brevemente sobre tu experiencia o intereses (m\u00e1x. 500 caracteres).\" name=\"your-profile\"><\/textarea><\/span><\/label>\n<\/p>\n<p><label>Sub\u00ed tu CV (PDF o Word \u2014 m\u00e1x. 5 MB)*<br \/>\n<span class=\"wpcf7-form-control-wrap\" data-name=\"tu-cv\"><input size=\"40\" class=\"wpcf7-form-control wpcf7-file wpcf7-validates-as-required\" id=\"tu-cv\" accept=\".pdf,.doc,.docx\" aria-required=\"true\" aria-invalid=\"false\" type=\"file\" name=\"tu-cv\" \/><\/span><\/label>\n<\/p>\n<p><label>Observaciones adicionales<br \/>\n<span class=\"wpcf7-form-control-wrap\" data-name=\"observaciones\"><textarea cols=\"40\" rows=\"10\" maxlength=\"2000\" class=\"wpcf7-form-control wpcf7-textarea\" id=\"observaciones\" aria-invalid=\"false\" placeholder=\"Disponibilidad, referencias, info adicional...\" name=\"observaciones\"><\/textarea><\/span><\/label>\n<\/p>\n<p><span class=\"wpcf7-form-control-wrap\" data-name=\"acceptance-406\"><span class=\"wpcf7-form-control wpcf7-acceptance optional\"><span class=\"wpcf7-list-item\"><label><input type=\"checkbox\" name=\"acceptance-406\" value=\"1\" aria-invalid=\"false\" \/><span class=\"wpcf7-list-item-label\">Acepto el uso de mis datos para el proceso de selecci\u00f3n.<\/span><\/label><\/span><\/span><\/span>\n<\/p>\n<p><input class=\"wpcf7-form-control wpcf7-submit has-spinner\" type=\"submit\" value=\"Enviar CV\" \/>\n<\/p><div class=\"wpcf7-response-output\" aria-hidden=\"true\"><\/div>\n<\/form>\n<\/div>\n[\/vc_column_inner][vc_column_inner width=&#8221;1\/4&#8243;][\/vc_column_inner][\/vc_row_inner][\/vc_column][\/vc_row]<\/p>\n<\/section>","protected":false},"excerpt":{"rendered":"<p>[vc_row css_animation=&#8221;&#8221; row_type=&#8221;row&#8221; use_row_as_full_screen_section=&#8221;no&#8221; type=&#8221;grid&#8221; angled_section=&#8221;no&#8221; text_align=&#8221;left&#8221; background_image_as_pattern=&#8221;without_pattern&#8221; z_index=&#8221;&#8221;][vc_column][vc_empty_space][vc_column_text]Trabajamos todos los d\u00edas para crecer junto a nuestros asociados, productores y vecinos. Si te gustar\u00eda formar parte de nuestro equipo, complet\u00e1 el siguiente formulario y envi\u00e1 tu CV.[\/vc_column_text][vc_empty_space][vc_row_inner row_type=&#8221;row&#8221; type=&#8221;full_width&#8221; text_align=&#8221;left&#8221; css_animation=&#8221;&#8221;][vc_column_inner width=&#8221;1\/4&#8243;][\/vc_column_inner][vc_column_inner width=&#8221;1\/2&#8243;][\/vc_column_inner][vc_column_inner width=&#8221;1\/4&#8243;][\/vc_column_inner][\/vc_row_inner][\/vc_column][\/vc_row]<\/p>\n","protected":false},"author":1,"featured_media":0,"parent":0,"menu_order":0,"comment_status":"closed","ping_status":"closed","template":"full_width.php","meta":{"footnotes":""},"class_list":["post-286","page","type-page","status-publish","hentry"],"yoast_head":"<!-- This site is optimized with the Yoast SEO plugin v26.3 - https:\/\/yoast.com\/wordpress\/plugins\/seo\/ -->\n<title>Trabaja con nosotros - Cooperativa Agropecuaria La Segunda<\/title>\n<meta name=\"robots\" content=\"index, follow, max-snippet:-1, max-image-preview:large, max-video-preview:-1\" \/>\n<link rel=\"canonical\" href=\"https:\/\/cooplasegunda.com.ar\/sitio\/trabaja-con-nosotros\/\" \/>\n<meta property=\"og:locale\" content=\"es_ES\" \/>\n<meta property=\"og:type\" content=\"article\" \/>\n<meta property=\"og:title\" content=\"Trabaja con nosotros - Cooperativa Agropecuaria La Segunda\" \/>\n<meta property=\"og:description\" content=\"[vc_row css_animation=&#8221;&#8221; row_type=&#8221;row&#8221; use_row_as_full_screen_section=&#8221;no&#8221; type=&#8221;grid&#8221; angled_section=&#8221;no&#8221; text_align=&#8221;left&#8221; background_image_as_pattern=&#8221;without_pattern&#8221; z_index=&#8221;&#8221;][vc_column][vc_empty_space][vc_column_text]Trabajamos todos los d\u00edas para crecer junto a nuestros asociados, productores y vecinos. Si te gustar\u00eda formar parte de nuestro equipo, complet\u00e1 el siguiente formulario y envi\u00e1 tu CV.[\/vc_column_text][vc_empty_space][vc_row_inner row_type=&#8221;row&#8221; type=&#8221;full_width&#8221; text_align=&#8221;left&#8221; css_animation=&#8221;&#8221;][vc_column_inner width=&#8221;1\/4&#8243;][\/vc_column_inner][vc_column_inner width=&#8221;1\/2&#8243;][\/vc_column_inner][vc_column_inner width=&#8221;1\/4&#8243;][\/vc_column_inner][\/vc_row_inner][\/vc_column][\/vc_row]\" \/>\n<meta property=\"og:url\" content=\"https:\/\/cooplasegunda.com.ar\/sitio\/trabaja-con-nosotros\/\" \/>\n<meta property=\"og:site_name\" content=\"Cooperativa Agropecuaria La Segunda\" \/>\n<meta property=\"article:modified_time\" content=\"2025-11-10T20:12:54+00:00\" \/>\n<meta property=\"og:image\" content=\"https:\/\/cooplasegunda.com.ar\/sitio\/wp-content\/uploads\/2025\/11\/coop_la_segunda.jpg\" \/>\n\t<meta property=\"og:image:width\" content=\"1200\" \/>\n\t<meta property=\"og:image:height\" content=\"675\" \/>\n\t<meta property=\"og:image:type\" content=\"image\/jpeg\" \/>\n<meta name=\"twitter:card\" content=\"summary_large_image\" \/>\n<meta name=\"twitter:label1\" content=\"Tiempo de lectura\" \/>\n\t<meta name=\"twitter:data1\" content=\"1 minuto\" \/>\n<script type=\"application\/ld+json\" class=\"yoast-schema-graph\">{\"@context\":\"https:\/\/schema.org\",\"@graph\":[{\"@type\":\"WebPage\",\"@id\":\"https:\/\/cooplasegunda.com.ar\/sitio\/trabaja-con-nosotros\/\",\"url\":\"https:\/\/cooplasegunda.com.ar\/sitio\/trabaja-con-nosotros\/\",\"name\":\"Trabaja con nosotros - Cooperativa Agropecuaria La Segunda\",\"isPartOf\":{\"@id\":\"https:\/\/cooplasegunda.com.ar\/sitio\/#website\"},\"datePublished\":\"2025-11-10T20:08:14+00:00\",\"dateModified\":\"2025-11-10T20:12:54+00:00\",\"breadcrumb\":{\"@id\":\"https:\/\/cooplasegunda.com.ar\/sitio\/trabaja-con-nosotros\/#breadcrumb\"},\"inLanguage\":\"es-AR\",\"potentialAction\":[{\"@type\":\"ReadAction\",\"target\":[\"https:\/\/cooplasegunda.com.ar\/sitio\/trabaja-con-nosotros\/\"]}]},{\"@type\":\"BreadcrumbList\",\"@id\":\"https:\/\/cooplasegunda.com.ar\/sitio\/trabaja-con-nosotros\/#breadcrumb\",\"itemListElement\":[{\"@type\":\"ListItem\",\"position\":1,\"name\":\"Inicio\",\"item\":\"https:\/\/cooplasegunda.com.ar\/sitio\/\"},{\"@type\":\"ListItem\",\"position\":2,\"name\":\"Trabaja con nosotros\"}]},{\"@type\":\"WebSite\",\"@id\":\"https:\/\/cooplasegunda.com.ar\/sitio\/#website\",\"url\":\"https:\/\/cooplasegunda.com.ar\/sitio\/\",\"name\":\"Cooperativa Agropecuaria La Segunda\",\"description\":\"Cooperativa Agropecuaria La Segunda, La Dulce, agroinsumos, acopio, semillas, ferreter\u00eda, seguros agr\u00edcolas, cooperativa, productores agropecuarios\",\"alternateName\":\"Cooperativa La Segunda\",\"potentialAction\":[{\"@type\":\"SearchAction\",\"target\":{\"@type\":\"EntryPoint\",\"urlTemplate\":\"https:\/\/cooplasegunda.com.ar\/sitio\/?s={search_term_string}\"},\"query-input\":{\"@type\":\"PropertyValueSpecification\",\"valueRequired\":true,\"valueName\":\"search_term_string\"}}],\"inLanguage\":\"es-AR\"}]}<\/script>\n<!-- \/ Yoast SEO plugin. -->","yoast_head_json":{"title":"Trabaja con nosotros - Cooperativa Agropecuaria La Segunda","robots":{"index":"index","follow":"follow","max-snippet":"max-snippet:-1","max-image-preview":"max-image-preview:large","max-video-preview":"max-video-preview:-1"},"canonical":"https:\/\/cooplasegunda.com.ar\/sitio\/trabaja-con-nosotros\/","og_locale":"es_ES","og_type":"article","og_title":"Trabaja con nosotros - Cooperativa Agropecuaria La Segunda","og_description":"[vc_row css_animation=&#8221;&#8221; row_type=&#8221;row&#8221; use_row_as_full_screen_section=&#8221;no&#8221; type=&#8221;grid&#8221; angled_section=&#8221;no&#8221; text_align=&#8221;left&#8221; background_image_as_pattern=&#8221;without_pattern&#8221; z_index=&#8221;&#8221;][vc_column][vc_empty_space][vc_column_text]Trabajamos todos los d\u00edas para crecer junto a nuestros asociados, productores y vecinos. Si te gustar\u00eda formar parte de nuestro equipo, complet\u00e1 el siguiente formulario y envi\u00e1 tu CV.[\/vc_column_text][vc_empty_space][vc_row_inner row_type=&#8221;row&#8221; type=&#8221;full_width&#8221; text_align=&#8221;left&#8221; css_animation=&#8221;&#8221;][vc_column_inner width=&#8221;1\/4&#8243;][\/vc_column_inner][vc_column_inner width=&#8221;1\/2&#8243;][\/vc_column_inner][vc_column_inner width=&#8221;1\/4&#8243;][\/vc_column_inner][\/vc_row_inner][\/vc_column][\/vc_row]","og_url":"https:\/\/cooplasegunda.com.ar\/sitio\/trabaja-con-nosotros\/","og_site_name":"Cooperativa Agropecuaria La Segunda","article_modified_time":"2025-11-10T20:12:54+00:00","og_image":[{"width":1200,"height":675,"url":"https:\/\/cooplasegunda.com.ar\/sitio\/wp-content\/uploads\/2025\/11\/coop_la_segunda.jpg","type":"image\/jpeg"}],"twitter_card":"summary_large_image","twitter_misc":{"Tiempo de lectura":"1 minuto"},"schema":{"@context":"https:\/\/schema.org","@graph":[{"@type":"WebPage","@id":"https:\/\/cooplasegunda.com.ar\/sitio\/trabaja-con-nosotros\/","url":"https:\/\/cooplasegunda.com.ar\/sitio\/trabaja-con-nosotros\/","name":"Trabaja con nosotros - Cooperativa Agropecuaria La Segunda","isPartOf":{"@id":"https:\/\/cooplasegunda.com.ar\/sitio\/#website"},"datePublished":"2025-11-10T20:08:14+00:00","dateModified":"2025-11-10T20:12:54+00:00","breadcrumb":{"@id":"https:\/\/cooplasegunda.com.ar\/sitio\/trabaja-con-nosotros\/#breadcrumb"},"inLanguage":"es-AR","potentialAction":[{"@type":"ReadAction","target":["https:\/\/cooplasegunda.com.ar\/sitio\/trabaja-con-nosotros\/"]}]},{"@type":"BreadcrumbList","@id":"https:\/\/cooplasegunda.com.ar\/sitio\/trabaja-con-nosotros\/#breadcrumb","itemListElement":[{"@type":"ListItem","position":1,"name":"Inicio","item":"https:\/\/cooplasegunda.com.ar\/sitio\/"},{"@type":"ListItem","position":2,"name":"Trabaja con nosotros"}]},{"@type":"WebSite","@id":"https:\/\/cooplasegunda.com.ar\/sitio\/#website","url":"https:\/\/cooplasegunda.com.ar\/sitio\/","name":"Cooperativa Agropecuaria La Segunda","description":"Cooperativa Agropecuaria La Segunda, La Dulce, agroinsumos, acopio, semillas, ferreter\u00eda, seguros agr\u00edcolas, cooperativa, productores agropecuarios","alternateName":"Cooperativa La Segunda","potentialAction":[{"@type":"SearchAction","target":{"@type":"EntryPoint","urlTemplate":"https:\/\/cooplasegunda.com.ar\/sitio\/?s={search_term_string}"},"query-input":{"@type":"PropertyValueSpecification","valueRequired":true,"valueName":"search_term_string"}}],"inLanguage":"es-AR"}]}},"_links":{"self":[{"href":"https:\/\/cooplasegunda.com.ar\/sitio\/wp-json\/wp\/v2\/pages\/286","targetHints":{"allow":["GET"]}}],"collection":[{"href":"https:\/\/cooplasegunda.com.ar\/sitio\/wp-json\/wp\/v2\/pages"}],"about":[{"href":"https:\/\/cooplasegunda.com.ar\/sitio\/wp-json\/wp\/v2\/types\/page"}],"author":[{"embeddable":true,"href":"https:\/\/cooplasegunda.com.ar\/sitio\/wp-json\/wp\/v2\/users\/1"}],"replies":[{"embeddable":true,"href":"https:\/\/cooplasegunda.com.ar\/sitio\/wp-json\/wp\/v2\/comments?post=286"}],"version-history":[{"count":6,"href":"https:\/\/cooplasegunda.com.ar\/sitio\/wp-json\/wp\/v2\/pages\/286\/revisions"}],"predecessor-version":[{"id":293,"href":"https:\/\/cooplasegunda.com.ar\/sitio\/wp-json\/wp\/v2\/pages\/286\/revisions\/293"}],"wp:attachment":[{"href":"https:\/\/cooplasegunda.com.ar\/sitio\/wp-json\/wp\/v2\/media?parent=286"}],"curies":[{"name":"wp","href":"https:\/\/api.w.org\/{rel}","templated":true}]}}