{"id":371,"date":"2025-11-12T15:01:41","date_gmt":"2025-11-12T18:01:41","guid":{"rendered":"https:\/\/cooplasegunda.com.ar\/sitio\/?page_id=371"},"modified":"2025-11-12T15:01:41","modified_gmt":"2025-11-12T18:01:41","slug":"nuestra-historia","status":"publish","type":"page","link":"https:\/\/cooplasegunda.com.ar\/sitio\/nuestra-historia\/","title":{"rendered":"Nuestra Historia"},"content":{"rendered":"<section class=\"wpb-content-wrapper\"><p>[vc_row css_animation=&#8221;&#8221; row_type=&#8221;row&#8221; use_row_as_full_screen_section=&#8221;no&#8221; type=&#8221;grid&#8221; angled_section=&#8221;no&#8221; text_align=&#8221;left&#8221; background_image_as_pattern=&#8221;without_pattern&#8221; z_index=&#8221;&#8221; css=&#8221;.vc_custom_1762372928044{padding-top: 123px !important;padding-bottom: 53px !important;background-color: #e0e0e0 !important;}&#8221;][vc_column offset=&#8221;vc_col-lg-6 vc_col-md-12&#8243;][vc_column_text]<\/p>\n<h2>Nuestra Historia<\/h2>\n<p>[\/vc_column_text][vc_empty_space height=&#8221;20px&#8221;][vc_column_text]La creaci\u00f3n de una nueva Cooperativa en La Dulce. Concluidos los tramites principales, el <strong>1 de junio de 1948<\/strong> la Comisi\u00f3n Provisoria convoca a una Asamblea Constituyente para el d\u00eda 12 del mismo mes. Hasta ese entonces, se hab\u00eda denominado provisoriamente a la entidad en formaci\u00f3n como <strong>Cooperativa Agropecuaria \u201cLa Dulce\u201d Ltda.<\/strong> En el transcurso no se pudieron tratar los temas previstos en el Orden del D\u00eda, resolviendo postergarla para el 19 del mismo mes, fecha que ser\u00eda por fin la definitiva como constituci\u00f3n de la nueva Cooperativa.<\/p>\n<p>El d\u00eda 19 de octubre de 1948 concurrieron 87 personas, seg\u00fan consta en el libro de asistencias, comenzando a tratarse los puntos de acuerdo al orden programado. Siguiendo la moci\u00f3n del se\u00f1or Jos\u00e9 Mikkelsen Jensen, fueron designados los se\u00f1ores Christian J. Christiansen y Ricardo Laursen como Presidente y Secretario de la Asamblea, respectivamente. Aprobado el informe de la Comisi\u00f3n Provisoria previsto en el punto dos, se pas\u00f3 al siguiente referido al proyecto de Estatuto Social, el que fue aceptado por unanimidad, y dice en su primer art\u00edculo: <strong><em>\u201cBajo la denominaci\u00f3n de Cooperativa Agropecuaria La Segunda Ltda. con domicilio legal en Nicanor Olivera, Estaci\u00f3n La Dulce, Partido de Necochea, se constituye una Cooperativa de consumo, provisi\u00f3n, cr\u00e9dito, transformaci\u00f3n y venta, que ser\u00e1 regida por las disposiciones de los presentes Estatutos y por la Ley Nacional N 11388 en todo aquello que no hubiera sido previsto por los mismos\u201d.<\/em><\/strong>[\/vc_column_text][\/vc_column][vc_column offset=&#8221;vc_col-lg-6 vc_col-md-12&#8243;][vc_empty_space height=&#8221;50px&#8221;][vc_column_text]<strong>El 26 de octubre de ese mismo a\u00f1o,<\/strong> se reunieron los miembros electos por la Asamblea a efectos de distribuir los cargos, dejando formalizado el primer Consejo de Administraci\u00f3n que fue presidido por el se\u00f1or Ricardo Laursen. Vicepresidente: Victorio Gonz\u00e1lez; Secretario: Silvano Mikkelsen Jensen; Prosecretario: Svend Buus; Tesorero: Christian Rasmussen; Protesorero: Francisco Favoretti; Vocales Titulares: Carlos F. Knudsen, Carlos Emilio Hansen y Holger Rasmussen; Vocales Suplentes: Juan Elcano, Christian Andersen y Nicolas Hojsgaard. S\u00edndicos Titular y Suplente: Olaf Ellohoj y Cristobal EbbeChristiansen. Comenzaron los preparativos para iniciar las actividades, alquil\u00e1ndose un local al se\u00f1or Emilio Soler, lugar en donde funciona actualmente el Banco de la Naci\u00f3n Argentina, y se contrat\u00f3 a los se\u00f1ores Orlando Buzzi y Jacinto Morcillo, oriundos de la ciudad de Tres Arroyos, para desempe\u00f1ar las funciones de Gerente y Contador, respectivamente, y algunas personas de la localidad como auxiliares.[\/vc_column_text][\/vc_column][\/vc_row][vc_row css_animation=&#8221;&#8221; row_type=&#8221;row&#8221; use_row_as_full_screen_section=&#8221;no&#8221; type=&#8221;full_width&#8221; angled_section=&#8221;no&#8221; text_align=&#8221;center&#8221; background_image_as_pattern=&#8221;without_pattern&#8221; background_color=&#8221;#242b72&#8243; z_index=&#8221;&#8221; anchor=&#8221;consejo&#8221;][vc_column][vc_row_inner row_type=&#8221;row&#8221; type=&#8221;grid&#8221; text_align=&#8221;left&#8221; css_animation=&#8221;&#8221; padding_top=&#8221;40&#8243; padding_bottom=&#8221;40&#8243;][vc_column_inner][vc_column_text]<\/p>\n<h2><span style=\"color: #ffffff;\">Consejo de administraci\u00f3n<\/span><\/h2>\n<p>[\/vc_column_text][\/vc_column_inner][\/vc_row_inner][vc_row_inner row_type=&#8221;row&#8221; type=&#8221;grid&#8221; text_align=&#8221;left&#8221; css_animation=&#8221;&#8221; padding_top=&#8221;40&#8243; padding_bottom=&#8221;40&#8243;][vc_column_inner width=&#8221;1\/2&#8243;][vc_column_text]<\/p>\n<h3 style=\"text-align: left;\"><span style=\"color: #ffffff;\">Presidente<\/span><br \/>\n<span style=\"color: #ffffff;\"><strong>Marcos Alberto Schuenemann<\/strong><\/span><br \/>\n<span style=\"color: #ffffff;\">Vicepresidente<\/span><br \/>\n<span style=\"color: #ffffff;\"><strong>Claudio Mario Stemphelet<\/strong><\/span><br \/>\n<span style=\"color: #ffffff;\">Secretario<\/span><br \/>\n<span style=\"color: #ffffff;\"><strong>Alejandro Oscar Chiarle<\/strong><\/span><br \/>\n<span style=\"color: #ffffff;\">Prosecretario<\/span><br \/>\n<span style=\"color: #ffffff;\"><strong>Rosana Rasmussen<\/strong><\/span><br \/>\n<span style=\"color: #ffffff;\">Tesorero<\/span><br \/>\n<span style=\"color: #ffffff;\"><strong>Nicol\u00e1s Andr\u00e9s Nielsen<\/strong><\/span><br \/>\n<span style=\"color: #ffffff;\">Protesorero<\/span><br \/>\n<span style=\"color: #ffffff;\"><strong>Mart\u00edn Hansen<\/strong><\/span><\/h3>\n<p>[\/vc_column_text][vc_empty_space][\/vc_column_inner][vc_column_inner width=&#8221;1\/2&#8243;][vc_column_text]<\/p>\n<h3 style=\"text-align: left;\"><span style=\"color: #ffffff;\">Vocales Titulares<\/span><br \/>\n<span style=\"color: #ffffff;\"><strong>Cristian Fernando Christiansen<\/strong><\/span><br \/>\n<strong><span style=\"color: #ffffff;\">Alfredo Buus<\/span><\/strong><br \/>\n<span style=\"color: #ffffff;\"><strong>Sergio Mart\u00edn Mineo<\/strong><\/span><br \/>\n<span style=\"color: #ffffff;\">Vocales Suplente<\/span><br \/>\n<span style=\"color: #ffffff;\"><strong>Esteban Enrique Ferrari<\/strong><\/span><br \/>\n<strong><span style=\"color: #ffffff;\">Nelson Mattia<\/span><\/strong><br \/>\n<span style=\"color: #ffffff;\"><strong>Gustavo Daniel Almassio<\/strong><\/span><br \/>\n<span style=\"color: #ffffff;\">S\u00edndico Titular<\/span><br \/>\n<span style=\"color: #ffffff;\"><strong>Vicente Gonzalo Oscar Liuzzi<\/strong><\/span><br \/>\n<span style=\"color: #ffffff;\">S\u00edndico Suplente<\/span><br \/>\n<span style=\"color: #ffffff;\"><strong>Alex Nor<\/strong><\/span><\/h3>\n<p>[\/vc_column_text][vc_empty_space][\/vc_column_inner][\/vc_row_inner][\/vc_column][\/vc_row][vc_row css_animation=&#8221;&#8221; row_type=&#8221;row&#8221; use_row_as_full_screen_section=&#8221;no&#8221; type=&#8221;full_width&#8221; angled_section=&#8221;no&#8221; text_align=&#8221;left&#8221; background_image_as_pattern=&#8221;without_pattern&#8221;][vc_column][vc_empty_space height=&#8221;12px&#8221;][vc_row_inner row_type=&#8221;row&#8221; type=&#8221;full_width&#8221; text_align=&#8221;left&#8221; css_animation=&#8221;&#8221;][vc_column_inner][vc_gallery type=&#8221;image_grid&#8221; images=&#8221;247,248,249,251,252,253&#8243; img_size=&#8221;full&#8221; onclick=&#8221;&#8221; column_number=&#8221;6&#8243; grayscale=&#8221;yes&#8221; images_space=&#8221;gallery_without_space&#8221;][\/vc_column_inner][\/vc_row_inner][\/vc_column][\/vc_row]<\/p>\n<\/section>","protected":false},"excerpt":{"rendered":"<p>[vc_row css_animation=&#8221;&#8221; row_type=&#8221;row&#8221; use_row_as_full_screen_section=&#8221;no&#8221; type=&#8221;grid&#8221; angled_section=&#8221;no&#8221; text_align=&#8221;left&#8221; background_image_as_pattern=&#8221;without_pattern&#8221; z_index=&#8221;&#8221; css=&#8221;.vc_custom_1762372928044{padding-top: 123px !important;padding-bottom: 53px !important;background-color: #e0e0e0 !important;}&#8221;][vc_column offset=&#8221;vc_col-lg-6 vc_col-md-12&#8243;][vc_column_text] Nuestra Historia [\/vc_column_text][vc_empty_space height=&#8221;20px&#8221;][vc_column_text]La creaci\u00f3n de una nueva Cooperativa en La Dulce. Concluidos los tramites principales, el 1 de junio de 1948 la Comisi\u00f3n Provisoria convoca a&#8230;<\/p>\n","protected":false},"author":1,"featured_media":0,"parent":0,"menu_order":0,"comment_status":"closed","ping_status":"closed","template":"full_width.php","meta":{"footnotes":""},"class_list":["post-371","page","type-page","status-publish","hentry"],"yoast_head":"<!-- This site is optimized with the Yoast SEO plugin v26.3 - https:\/\/yoast.com\/wordpress\/plugins\/seo\/ -->\n<title>Nuestra Historia - Cooperativa Agropecuaria La Segunda<\/title>\n<meta name=\"robots\" content=\"index, follow, max-snippet:-1, max-image-preview:large, max-video-preview:-1\" \/>\n<link rel=\"canonical\" href=\"https:\/\/cooplasegunda.com.ar\/sitio\/nuestra-historia\/\" \/>\n<meta property=\"og:locale\" content=\"es_ES\" \/>\n<meta property=\"og:type\" content=\"article\" \/>\n<meta property=\"og:title\" content=\"Nuestra Historia - Cooperativa Agropecuaria La Segunda\" \/>\n<meta property=\"og:description\" content=\"[vc_row css_animation=&#8221;&#8221; row_type=&#8221;row&#8221; use_row_as_full_screen_section=&#8221;no&#8221; type=&#8221;grid&#8221; angled_section=&#8221;no&#8221; text_align=&#8221;left&#8221; background_image_as_pattern=&#8221;without_pattern&#8221; z_index=&#8221;&#8221; css=&#8221;.vc_custom_1762372928044{padding-top: 123px !important;padding-bottom: 53px !important;background-color: #e0e0e0 !important;}&#8221;][vc_column offset=&#8221;vc_col-lg-6 vc_col-md-12&#8243;][vc_column_text] Nuestra Historia [\/vc_column_text][vc_empty_space height=&#8221;20px&#8221;][vc_column_text]La creaci\u00f3n de una nueva Cooperativa en La Dulce. Concluidos los tramites principales, el 1 de junio de 1948 la Comisi\u00f3n Provisoria convoca a...\" \/>\n<meta property=\"og:url\" content=\"https:\/\/cooplasegunda.com.ar\/sitio\/nuestra-historia\/\" \/>\n<meta property=\"og:site_name\" content=\"Cooperativa Agropecuaria La Segunda\" \/>\n<meta property=\"og:image\" content=\"https:\/\/cooplasegunda.com.ar\/sitio\/wp-content\/uploads\/2025\/11\/coop_la_segunda.jpg\" \/>\n\t<meta property=\"og:image:width\" content=\"1200\" \/>\n\t<meta property=\"og:image:height\" content=\"675\" \/>\n\t<meta property=\"og:image:type\" content=\"image\/jpeg\" \/>\n<meta name=\"twitter:card\" content=\"summary_large_image\" \/>\n<meta name=\"twitter:label1\" content=\"Tiempo de lectura\" \/>\n\t<meta name=\"twitter:data1\" content=\"4 minutos\" \/>\n<script type=\"application\/ld+json\" class=\"yoast-schema-graph\">{\"@context\":\"https:\/\/schema.org\",\"@graph\":[{\"@type\":\"WebPage\",\"@id\":\"https:\/\/cooplasegunda.com.ar\/sitio\/nuestra-historia\/\",\"url\":\"https:\/\/cooplasegunda.com.ar\/sitio\/nuestra-historia\/\",\"name\":\"Nuestra Historia - Cooperativa Agropecuaria La Segunda\",\"isPartOf\":{\"@id\":\"https:\/\/cooplasegunda.com.ar\/sitio\/#website\"},\"datePublished\":\"2025-11-12T18:01:41+00:00\",\"breadcrumb\":{\"@id\":\"https:\/\/cooplasegunda.com.ar\/sitio\/nuestra-historia\/#breadcrumb\"},\"inLanguage\":\"es-AR\",\"potentialAction\":[{\"@type\":\"ReadAction\",\"target\":[\"https:\/\/cooplasegunda.com.ar\/sitio\/nuestra-historia\/\"]}]},{\"@type\":\"BreadcrumbList\",\"@id\":\"https:\/\/cooplasegunda.com.ar\/sitio\/nuestra-historia\/#breadcrumb\",\"itemListElement\":[{\"@type\":\"ListItem\",\"position\":1,\"name\":\"Inicio\",\"item\":\"https:\/\/cooplasegunda.com.ar\/sitio\/\"},{\"@type\":\"ListItem\",\"position\":2,\"name\":\"Nuestra Historia\"}]},{\"@type\":\"WebSite\",\"@id\":\"https:\/\/cooplasegunda.com.ar\/sitio\/#website\",\"url\":\"https:\/\/cooplasegunda.com.ar\/sitio\/\",\"name\":\"Cooperativa Agropecuaria La Segunda\",\"description\":\"Cooperativa Agropecuaria La Segunda, La Dulce, agroinsumos, acopio, semillas, ferreter\u00eda, seguros agr\u00edcolas, cooperativa, productores agropecuarios\",\"alternateName\":\"Cooperativa La Segunda\",\"potentialAction\":[{\"@type\":\"SearchAction\",\"target\":{\"@type\":\"EntryPoint\",\"urlTemplate\":\"https:\/\/cooplasegunda.com.ar\/sitio\/?s={search_term_string}\"},\"query-input\":{\"@type\":\"PropertyValueSpecification\",\"valueRequired\":true,\"valueName\":\"search_term_string\"}}],\"inLanguage\":\"es-AR\"}]}<\/script>\n<!-- \/ Yoast SEO plugin. -->","yoast_head_json":{"title":"Nuestra Historia - Cooperativa Agropecuaria La Segunda","robots":{"index":"index","follow":"follow","max-snippet":"max-snippet:-1","max-image-preview":"max-image-preview:large","max-video-preview":"max-video-preview:-1"},"canonical":"https:\/\/cooplasegunda.com.ar\/sitio\/nuestra-historia\/","og_locale":"es_ES","og_type":"article","og_title":"Nuestra Historia - Cooperativa Agropecuaria La Segunda","og_description":"[vc_row css_animation=&#8221;&#8221; row_type=&#8221;row&#8221; use_row_as_full_screen_section=&#8221;no&#8221; type=&#8221;grid&#8221; angled_section=&#8221;no&#8221; text_align=&#8221;left&#8221; background_image_as_pattern=&#8221;without_pattern&#8221; z_index=&#8221;&#8221; css=&#8221;.vc_custom_1762372928044{padding-top: 123px !important;padding-bottom: 53px !important;background-color: #e0e0e0 !important;}&#8221;][vc_column offset=&#8221;vc_col-lg-6 vc_col-md-12&#8243;][vc_column_text] Nuestra Historia [\/vc_column_text][vc_empty_space height=&#8221;20px&#8221;][vc_column_text]La creaci\u00f3n de una nueva Cooperativa en La Dulce. Concluidos los tramites principales, el 1 de junio de 1948 la Comisi\u00f3n Provisoria convoca a...","og_url":"https:\/\/cooplasegunda.com.ar\/sitio\/nuestra-historia\/","og_site_name":"Cooperativa Agropecuaria La Segunda","og_image":[{"width":1200,"height":675,"url":"https:\/\/cooplasegunda.com.ar\/sitio\/wp-content\/uploads\/2025\/11\/coop_la_segunda.jpg","type":"image\/jpeg"}],"twitter_card":"summary_large_image","twitter_misc":{"Tiempo de lectura":"4 minutos"},"schema":{"@context":"https:\/\/schema.org","@graph":[{"@type":"WebPage","@id":"https:\/\/cooplasegunda.com.ar\/sitio\/nuestra-historia\/","url":"https:\/\/cooplasegunda.com.ar\/sitio\/nuestra-historia\/","name":"Nuestra Historia - Cooperativa Agropecuaria La Segunda","isPartOf":{"@id":"https:\/\/cooplasegunda.com.ar\/sitio\/#website"},"datePublished":"2025-11-12T18:01:41+00:00","breadcrumb":{"@id":"https:\/\/cooplasegunda.com.ar\/sitio\/nuestra-historia\/#breadcrumb"},"inLanguage":"es-AR","potentialAction":[{"@type":"ReadAction","target":["https:\/\/cooplasegunda.com.ar\/sitio\/nuestra-historia\/"]}]},{"@type":"BreadcrumbList","@id":"https:\/\/cooplasegunda.com.ar\/sitio\/nuestra-historia\/#breadcrumb","itemListElement":[{"@type":"ListItem","position":1,"name":"Inicio","item":"https:\/\/cooplasegunda.com.ar\/sitio\/"},{"@type":"ListItem","position":2,"name":"Nuestra Historia"}]},{"@type":"WebSite","@id":"https:\/\/cooplasegunda.com.ar\/sitio\/#website","url":"https:\/\/cooplasegunda.com.ar\/sitio\/","name":"Cooperativa Agropecuaria La Segunda","description":"Cooperativa Agropecuaria La Segunda, La Dulce, agroinsumos, acopio, semillas, ferreter\u00eda, seguros agr\u00edcolas, cooperativa, productores agropecuarios","alternateName":"Cooperativa La Segunda","potentialAction":[{"@type":"SearchAction","target":{"@type":"EntryPoint","urlTemplate":"https:\/\/cooplasegunda.com.ar\/sitio\/?s={search_term_string}"},"query-input":{"@type":"PropertyValueSpecification","valueRequired":true,"valueName":"search_term_string"}}],"inLanguage":"es-AR"}]}},"_links":{"self":[{"href":"https:\/\/cooplasegunda.com.ar\/sitio\/wp-json\/wp\/v2\/pages\/371","targetHints":{"allow":["GET"]}}],"collection":[{"href":"https:\/\/cooplasegunda.com.ar\/sitio\/wp-json\/wp\/v2\/pages"}],"about":[{"href":"https:\/\/cooplasegunda.com.ar\/sitio\/wp-json\/wp\/v2\/types\/page"}],"author":[{"embeddable":true,"href":"https:\/\/cooplasegunda.com.ar\/sitio\/wp-json\/wp\/v2\/users\/1"}],"replies":[{"embeddable":true,"href":"https:\/\/cooplasegunda.com.ar\/sitio\/wp-json\/wp\/v2\/comments?post=371"}],"version-history":[{"count":1,"href":"https:\/\/cooplasegunda.com.ar\/sitio\/wp-json\/wp\/v2\/pages\/371\/revisions"}],"predecessor-version":[{"id":372,"href":"https:\/\/cooplasegunda.com.ar\/sitio\/wp-json\/wp\/v2\/pages\/371\/revisions\/372"}],"wp:attachment":[{"href":"https:\/\/cooplasegunda.com.ar\/sitio\/wp-json\/wp\/v2\/media?parent=371"}],"curies":[{"name":"wp","href":"https:\/\/api.w.org\/{rel}","templated":true}]}}